{"id":99,"date":"2021-09-30T08:30:02","date_gmt":"2021-09-30T08:30:02","guid":{"rendered":"http:\/\/elc.local\/?page_id=99"},"modified":"2026-01-20T20:06:40","modified_gmt":"2026-01-21T01:06:40","slug":"provider-portal","status":"publish","type":"page","link":"https:\/\/elcbigbend.org\/es\/providers\/provider-portal\/","title":{"rendered":"Portal de proveedores"},"content":{"rendered":"<div class=\"wp-block-buttons is-horizontal is-content-justification-center is-layout-flex wp-container-core-buttons-is-layout-499968f5 wp-block-buttons-is-layout-flex\">\n<div class=\"wp-block-button has-custom-width wp-block-button__width-75\"><a class=\"wp-block-button__link wp-element-button\" href=\"https:\/\/floridasso.b2clogin.com\/floridasso.onmicrosoft.com\/b2c_1a_demo\/oauth2\/v2.0\/authorize?client_id=315d1dc2-fffe-46c2-ab0d-763ed0ebb0ff&amp;redirect_uri=https%3A%2F%2Fproviderservices.floridaearlylearning.com&amp;response_type=code&amp;scope=openid%20profile%20offline_access%20315d1dc2-fffe-46c2-ab0d-763ed0ebb0ff&amp;code_challenge=JWPtEPAWl7EmmMQGn5ralSt4BFcZkdjdf4scb8pewpw&amp;code_challenge_method=S256&amp;state=OpenIdConnect.AuthenticationProperties%3DVWKpjbWXTR5qJ-UXMHGrVrq4fr40GHp4mcQTthEwVC_QvzALguIgCtM25uBDO0QbYLDeXCka33fHCxq4BfrEtexZWta0EeXvRbPR0zMLHLGV25UxwynrndmrzR43xp-zOW8Uu5w-my2ADIbt5t3I3LmWaciPiPAulyjMjr83RNVg5atToqkRi4xCBWWZQUnOuG8ZdvmuVizObZtFzynRMaykKR7TIzau0LFtWnlGz3Ru1iYPBlMEp7jTVfYL8Goe5Hu-_di2SAE4LuIkxmhCeNS4l80W-568gUcUBYEWEgdRto6bRyY9ZAJRuI8-BIdvfmYSA2EwTVy27u3TnV14UCxaz4xi5mzn1Bf2UhoE3JU&amp;response_mode=form_post&amp;nonce=638820628046732991.N2NlYzc3NjAtOTQ1My00ZWJjLTg4MzgtMzk1OWQ0MDIxZDFkZTQxY2ExZWEtMjM2ZC00YTdjLTllYmYtNzQ4YzAxMTViNDk1&amp;x-client-SKU=ID_NET472&amp;x-client-ver=7.3.1.0\"><strong>Acceder al Portal de Proveedores<\/strong><\/a><\/div>\n<\/div>\n\n\n\n<hr class=\"wp-block-separator has-css-opacity\"\/>\n\n\n\n<div class=\"wp-block-columns is-layout-flex wp-container-core-columns-is-layout-9d6595d7 wp-block-columns-is-layout-flex\">\n<div class=\"wp-block-column is-layout-flow wp-block-column-is-layout-flow\" style=\"flex-basis:66.66%\">\n<h5 class=\"wp-block-heading\">Preguntas frecuentes sobre el Portal de proveedores a nivel estatal<\/h5>\n\n\n<style>.kt-accordion-id99_e2a2a1-02 .kt-accordion-inner-wrap{column-gap:var(--global-kb-gap-md, 2rem);row-gap:0px;}.kt-accordion-id99_e2a2a1-02 .kt-accordion-panel-inner{border-top:0px solid transparent;border-right:0px solid transparent;border-bottom:0px solid transparent;border-left:0px solid transparent;padding-top:var(--global-kb-spacing-sm, 1.5rem);padding-right:var(--global-kb-spacing-sm, 1.5rem);padding-bottom:var(--global-kb-spacing-sm, 1.5rem);padding-left:var(--global-kb-spacing-sm, 1.5rem);}.kt-accordion-id99_e2a2a1-02 .wp-block-kadence-pane .kt-accordion-header-wrap .kt-blocks-accordion-header{border-top-color:#555555;border-top-style:solid;border-right-color:#555555;border-right-style:solid;border-bottom-color:#555555;border-bottom-style:solid;border-left-color:#555555;border-left-style:solid;border-top-left-radius:0px;border-top-right-radius:0px;border-bottom-right-radius:0px;border-bottom-left-radius:0px;background:#f2f2f2;font-size:18px;line-height:24px;color:#555555;padding-top:10px;padding-right:14px;padding-bottom:10px;padding-left:14px;}.kt-accordion-id99_e2a2a1-02:not( .kt-accodion-icon-style-basiccircle ):not( .kt-accodion-icon-style-xclosecircle ):not( .kt-accodion-icon-style-arrowcircle ) .kt-blocks-accordion-icon-trigger:after, .kt-accordion-id99_e2a2a1-02:not( .kt-accodion-icon-style-basiccircle ):not( .kt-accodion-icon-style-xclosecircle ):not( .kt-accodion-icon-style-arrowcircle ) .kt-blocks-accordion-icon-trigger:before{background:#555555;}.kt-accordion-id99_e2a2a1-02:not( .kt-accodion-icon-style-basic ):not( .kt-accodion-icon-style-xclose ):not( .kt-accodion-icon-style-arrow ) .kt-blocks-accordion-icon-trigger{background:#555555;}.kt-accordion-id99_e2a2a1-02:not( .kt-accodion-icon-style-basic ):not( .kt-accodion-icon-style-xclose ):not( .kt-accodion-icon-style-arrow ) .kt-blocks-accordion-icon-trigger:after, .kt-accordion-id99_e2a2a1-02:not( .kt-accodion-icon-style-basic ):not( .kt-accodion-icon-style-xclose ):not( .kt-accodion-icon-style-arrow ) .kt-blocks-accordion-icon-trigger:before{background:#f2f2f2;}.kt-accordion-id99_e2a2a1-02 .kt-accordion-header-wrap .kt-blocks-accordion-header:hover, body:not(.hide-focus-outline) .kt-accordion-id99_e2a2a1-02 .kt-accordion-header-wrap .kt-blocks-accordion-header:focus-visible{color:#444444;background:#eeeeee;border-top-color:#eeeeee;border-top-style:solid;border-right-color:#eeeeee;border-right-style:solid;border-bottom-color:#eeeeee;border-bottom-style:solid;border-left-color:#eeeeee;border-left-style:solid;}.kt-accordion-id99_e2a2a1-02:not( .kt-accodion-icon-style-basiccircle ):not( .kt-accodion-icon-style-xclosecircle ):not( .kt-accodion-icon-style-arrowcircle ) .kt-blocks-accordion-header:hover .kt-blocks-accordion-icon-trigger:after, .kt-accordion-id99_e2a2a1-02:not( .kt-accodion-icon-style-basiccircle ):not( .kt-accodion-icon-style-xclosecircle ):not( .kt-accodion-icon-style-arrowcircle ) .kt-blocks-accordion-header:hover .kt-blocks-accordion-icon-trigger:before, body:not(.hide-focus-outline) .kt-accordion-id99_e2a2a1-02:not( .kt-accodion-icon-style-basiccircle ):not( .kt-accodion-icon-style-xclosecircle ):not( .kt-accodion-icon-style-arrowcircle ) .kt-blocks-accordion--visible .kt-blocks-accordion-icon-trigger:after, body:not(.hide-focus-outline) .kt-accordion-id99_e2a2a1-02:not( .kt-accodion-icon-style-basiccircle ):not( .kt-accodion-icon-style-xclosecircle ):not( .kt-accodion-icon-style-arrowcircle ) .kt-blocks-accordion-header:focus-visible .kt-blocks-accordion-icon-trigger:before{background:#444444;}.kt-accordion-id99_e2a2a1-02:not( .kt-accodion-icon-style-basic ):not( .kt-accodion-icon-style-xclose ):not( .kt-accodion-icon-style-arrow ) .kt-blocks-accordion-header:hover .kt-blocks-accordion-icon-trigger, body:not(.hide-focus-outline) .kt-accordion-id99_e2a2a1-02:not( .kt-accodion-icon-style-basic ):not( .kt-accodion-icon-style-xclose ):not( .kt-accodion-icon-style-arrow ) .kt-blocks-accordion-header:focus-visible .kt-blocks-accordion-icon-trigger{background:#444444;}.kt-accordion-id99_e2a2a1-02:not( .kt-accodion-icon-style-basic ):not( .kt-accodion-icon-style-xclose ):not( .kt-accodion-icon-style-arrow ) .kt-blocks-accordion-header:hover .kt-blocks-accordion-icon-trigger:after, .kt-accordion-id99_e2a2a1-02:not( .kt-accodion-icon-style-basic ):not( .kt-accodion-icon-style-xclose ):not( .kt-accodion-icon-style-arrow ) .kt-blocks-accordion-header:hover .kt-blocks-accordion-icon-trigger:before, body:not(.hide-focus-outline) .kt-accordion-id99_e2a2a1-02:not( .kt-accodion-icon-style-basic ):not( .kt-accodion-icon-style-xclose ):not( .kt-accodion-icon-style-arrow ) .kt-blocks-accordion-header:focus-visible .kt-blocks-accordion-icon-trigger:after, body:not(.hide-focus-outline) .kt-accordion-id99_e2a2a1-02:not( .kt-accodion-icon-style-basic ):not( .kt-accodion-icon-style-xclose ):not( .kt-accodion-icon-style-arrow ) .kt-blocks-accordion-header:focus-visible .kt-blocks-accordion-icon-trigger:before{background:#eeeeee;}.kt-accordion-id99_e2a2a1-02 .kt-accordion-header-wrap .kt-blocks-accordion-header:focus-visible, .kt-accordion-id99_e2a2a1-02 .kt-accordion-header-wrap .kt-blocks-accordion-header.kt-accordion-panel-active{color:#ffffff;background:#444444;border-top-color:#444444;border-top-style:solid;border-right-color:#444444;border-right-style:solid;border-bottom-color:#444444;border-bottom-style:solid;border-left-color:#444444;border-left-style:solid;}.kt-accordion-id99_e2a2a1-02:not( .kt-accodion-icon-style-basiccircle ):not( .kt-accodion-icon-style-xclosecircle ):not( .kt-accodion-icon-style-arrowcircle ) .kt-blocks-accordion-header.kt-accordion-panel-active .kt-blocks-accordion-icon-trigger:after, .kt-accordion-id99_e2a2a1-02:not( .kt-accodion-icon-style-basiccircle ):not( .kt-accodion-icon-style-xclosecircle ):not( .kt-accodion-icon-style-arrowcircle ) .kt-blocks-accordion-header.kt-accordion-panel-active .kt-blocks-accordion-icon-trigger:before{background:#ffffff;}.kt-accordion-id99_e2a2a1-02:not( .kt-accodion-icon-style-basic ):not( .kt-accodion-icon-style-xclose ):not( .kt-accodion-icon-style-arrow ) .kt-blocks-accordion-header.kt-accordion-panel-active .kt-blocks-accordion-icon-trigger{background:#ffffff;}.kt-accordion-id99_e2a2a1-02:not( .kt-accodion-icon-style-basic ):not( .kt-accodion-icon-style-xclose ):not( .kt-accodion-icon-style-arrow ) .kt-blocks-accordion-header.kt-accordion-panel-active .kt-blocks-accordion-icon-trigger:after, .kt-accordion-id99_e2a2a1-02:not( .kt-accodion-icon-style-basic ):not( .kt-accodion-icon-style-xclose ):not( .kt-accodion-icon-style-arrow ) .kt-blocks-accordion-header.kt-accordion-panel-active .kt-blocks-accordion-icon-trigger:before{background:#444444;}@media all and (max-width: 1024px){.kt-accordion-id99_e2a2a1-02 .kt-accordion-panel-inner{border-top:0px solid transparent;border-right:0px solid transparent;border-bottom:0px solid transparent;border-left:0px solid transparent;}}@media all and (max-width: 1024px){.kt-accordion-id99_e2a2a1-02 .wp-block-kadence-pane .kt-accordion-header-wrap .kt-blocks-accordion-header{border-top-color:#555555;border-top-style:solid;border-right-color:#555555;border-right-style:solid;border-bottom-color:#555555;border-bottom-style:solid;border-left-color:#555555;border-left-style:solid;}}@media all and (max-width: 1024px){.kt-accordion-id99_e2a2a1-02 .kt-accordion-header-wrap .kt-blocks-accordion-header:hover, body:not(.hide-focus-outline) .kt-accordion-id99_e2a2a1-02 .kt-accordion-header-wrap .kt-blocks-accordion-header:focus-visible{border-top-color:#eeeeee;border-top-style:solid;border-right-color:#eeeeee;border-right-style:solid;border-bottom-color:#eeeeee;border-bottom-style:solid;border-left-color:#eeeeee;border-left-style:solid;}}@media all and (max-width: 1024px){.kt-accordion-id99_e2a2a1-02 .kt-accordion-header-wrap .kt-blocks-accordion-header:focus-visible, .kt-accordion-id99_e2a2a1-02 .kt-accordion-header-wrap .kt-blocks-accordion-header.kt-accordion-panel-active{border-top-color:#444444;border-top-style:solid;border-right-color:#444444;border-right-style:solid;border-bottom-color:#444444;border-bottom-style:solid;border-left-color:#444444;border-left-style:solid;}}@media all and (max-width: 767px){.kt-accordion-id99_e2a2a1-02 .kt-accordion-inner-wrap{display:block;}.kt-accordion-id99_e2a2a1-02 .kt-accordion-inner-wrap .kt-accordion-pane:not(:first-child){margin-top:0px;}.kt-accordion-id99_e2a2a1-02 .kt-accordion-panel-inner{border-top:0px solid transparent;border-right:0px solid transparent;border-bottom:0px solid transparent;border-left:0px solid transparent;}.kt-accordion-id99_e2a2a1-02 .wp-block-kadence-pane .kt-accordion-header-wrap .kt-blocks-accordion-header{border-top-color:#555555;border-top-style:solid;border-right-color:#555555;border-right-style:solid;border-bottom-color:#555555;border-bottom-style:solid;border-left-color:#555555;border-left-style:solid;}.kt-accordion-id99_e2a2a1-02 .kt-accordion-header-wrap .kt-blocks-accordion-header:hover, body:not(.hide-focus-outline) .kt-accordion-id99_e2a2a1-02 .kt-accordion-header-wrap .kt-blocks-accordion-header:focus-visible{border-top-color:#eeeeee;border-top-style:solid;border-right-color:#eeeeee;border-right-style:solid;border-bottom-color:#eeeeee;border-bottom-style:solid;border-left-color:#eeeeee;border-left-style:solid;}.kt-accordion-id99_e2a2a1-02 .kt-accordion-header-wrap .kt-blocks-accordion-header:focus-visible, .kt-accordion-id99_e2a2a1-02 .kt-accordion-header-wrap .kt-blocks-accordion-header.kt-accordion-panel-active{border-top-color:#444444;border-top-style:solid;border-right-color:#444444;border-right-style:solid;border-bottom-color:#444444;border-bottom-style:solid;border-left-color:#444444;border-left-style:solid;}}<\/style>\n<div class=\"wp-block-kadence-accordion alignnone\"><div class=\"kt-accordion-wrap kt-accordion-id99_e2a2a1-02 kt-accordion-has-12-panes kt-active-pane-0 kt-accordion-block kt-pane-header-alignment-left kt-accodion-icon-style-basic kt-accodion-icon-side-right\" style=\"max-width:none\"><div class=\"kt-accordion-inner-wrap\" data-allow-multiple-open=\"false\" data-start-open=\"none\">\n<div class=\"wp-block-kadence-pane kt-accordion-pane kt-accordion-pane-7 kt-pane99_771d7b-5c\"><div class=\"kt-accordion-header-wrap\"><button class=\"kt-blocks-accordion-header kt-acccordion-button-label-show\" type=\"button\"><span class=\"kt-blocks-accordion-title-wrap\"><span class=\"kt-blocks-accordion-title\">How can I access the DEL Provider Portal?<\/span><\/span><span class=\"kt-blocks-accordion-icon-trigger\"><\/span><\/button><\/div><div class=\"kt-accordion-panel kt-accordion-panel-hidden\"><div class=\"kt-accordion-panel-inner\">\n<p><a href=\"https:\/\/floridasso.b2clogin.com\/floridasso.onmicrosoft.com\/b2c_1a_demo\/oauth2\/v2.0\/authorize?client_id=315d1dc2-fffe-46c2-ab0d-763ed0ebb0ff&amp;redirect_uri=https%3A%2F%2Fproviderservices.floridaearlylearning.com&amp;response_type=code&amp;scope=openid%20profile%20offline_access%20315d1dc2-fffe-46c2-ab0d-763ed0ebb0ff&amp;code_challenge=JWPtEPAWl7EmmMQGn5ralSt4BFcZkdjdf4scb8pewpw&amp;code_challenge_method=S256&amp;state=OpenIdConnect.AuthenticationProperties%3DVWKpjbWXTR5qJ-UXMHGrVrq4fr40GHp4mcQTthEwVC_QvzALguIgCtM25uBDO0QbYLDeXCka33fHCxq4BfrEtexZWta0EeXvRbPR0zMLHLGV25UxwynrndmrzR43xp-zOW8Uu5w-my2ADIbt5t3I3LmWaciPiPAulyjMjr83RNVg5atToqkRi4xCBWWZQUnOuG8ZdvmuVizObZtFzynRMaykKR7TIzau0LFtWnlGz3Ru1iYPBlMEp7jTVfYL8Goe5Hu-_di2SAE4LuIkxmhCeNS4l80W-568gUcUBYEWEgdRto6bRyY9ZAJRuI8-BIdvfmYSA2EwTVy27u3TnV14UCxaz4xi5mzn1Bf2UhoE3JU&amp;response_mode=form_post&amp;nonce=638820628046732991.N2NlYzc3NjAtOTQ1My00ZWJjLTg4MzgtMzk1OWQ0MDIxZDFkZTQxY2ExZWEtMjM2ZC00YTdjLTllYmYtNzQ4YzAxMTViNDk1&amp;x-client-SKU=ID_NET472&amp;x-client-ver=7.3.1.0\" title=\"\">haga clic aqu\u00ed<\/a>\u00a0to access the DEL Provider Portal. For instructions on accessing the Portal or login information, <a href=\"http:\/\/elcbigbend.org\/wp-content\/uploads\/2026\/01\/Provider_Portal_User_Guide_3_20_25.pdf\" title=\"\">haga clic aqu\u00ed<\/a> to refer to the User Guide. <\/p>\n<\/div><\/div><\/div>\n\n\n\n<div class=\"wp-block-kadence-pane kt-accordion-pane kt-accordion-pane-8 kt-pane99_c6ccae-d1\"><div class=\"kt-accordion-header-wrap\"><button class=\"kt-blocks-accordion-header kt-acccordion-button-label-show\" type=\"button\"><span class=\"kt-blocks-accordion-title-wrap\"><span class=\"kt-blocks-accordion-title\">When should I use the DEL Provider Portal and when should I use the ELC\u2019s Provider Portal?<\/span><\/span><span class=\"kt-blocks-accordion-icon-trigger\"><\/span><\/button><\/div><div class=\"kt-accordion-panel kt-accordion-panel-hidden\"><div class=\"kt-accordion-panel-inner\">\n<p>Effective July 1, 2018, all family, provider, and coalition functions occur in DEL\u2019s statewide system. Provider contracts, profiles (CCR&amp;R Annual Updates), and attendance will all be completed in DEL\u2019s Provider Portal. The ELC\u2019s Provider Portal is not being actively used at this time. Do not upload documents into the ELC\u2019s \u201cold\u201d Provider Portal unless specifically instructed to do so by ELC staff.<\/p>\n<\/div><\/div><\/div>\n\n\n\n<div class=\"wp-block-kadence-pane kt-accordion-pane kt-accordion-pane-9 kt-pane99_1f133c-7c\"><div class=\"kt-accordion-header-wrap\"><button class=\"kt-blocks-accordion-header kt-acccordion-button-label-show\" type=\"button\"><span class=\"kt-blocks-accordion-title-wrap\"><span class=\"kt-blocks-accordion-title\">\u00bfD\u00f3nde puedo encontrar una Gu\u00eda del usuario para el portal de proveedores estatal?<\/span><\/span><span class=\"kt-blocks-accordion-icon-trigger\"><\/span><\/button><\/div><div class=\"kt-accordion-panel kt-accordion-panel-hidden\"><div class=\"kt-accordion-panel-inner\">\n<p>You can find the Division of Early Learning (DEL) Portal User Guide on the portal dashboard (main page after login) under \u201cFrequently Used Links\u201d.<\/p>\n<\/div><\/div><\/div>\n\n\n\n<div class=\"wp-block-kadence-pane kt-accordion-pane kt-accordion-pane-10 kt-pane99_0c5942-14\"><div class=\"kt-accordion-header-wrap\"><button class=\"kt-blocks-accordion-header kt-acccordion-button-label-show\" type=\"button\"><span class=\"kt-blocks-accordion-title-wrap\"><span class=\"kt-blocks-accordion-title\">Why can\u2019t I see all children I have enrolled at my site in DEL\u2019s Provider Portal?<\/span><\/span><span class=\"kt-blocks-accordion-icon-trigger\"><\/span><\/button><\/div><div class=\"kt-accordion-panel kt-accordion-panel-hidden\"><div class=\"kt-accordion-panel-inner\">\n<p>Any newly enrolled child will not appear on your attendance roster until the caregiver logs into the DEL Family Portal and accepts\/approves\/signs the payment certificate and the Terms and Conditions.&nbsp; A family receives an email to log in to the family\u2019s portal account and accept the enrollment to finalize the enrollment process.&nbsp; Once this is done, the child appears on your attendance.<\/p>\n<\/div><\/div><\/div>\n\n\n\n<div class=\"wp-block-kadence-pane kt-accordion-pane kt-accordion-pane-11 kt-pane99_53e8e4-82\"><div class=\"kt-accordion-header-wrap\"><button class=\"kt-blocks-accordion-header kt-acccordion-button-label-show\" type=\"button\"><span class=\"kt-blocks-accordion-title-wrap\"><span class=\"kt-blocks-accordion-title\">\u00bfMe reembolsar\u00e1n por todos los ni\u00f1os a los que sirvo?<\/span><\/span><span class=\"kt-blocks-accordion-icon-trigger\"><\/span><\/button><\/div><div class=\"kt-accordion-panel kt-accordion-panel-hidden\"><div class=\"kt-accordion-panel-inner\">\n<p>Yes, the ELC will reimburse you for all children you serve if they are eligible and their caregiver finalizes the enrollment process. For children that do not appear on your attendance roster, please remind families to finalize the enrollment process through their Family Portal account.<\/p>\n\n\n\n<p>Until you can access your attendance roster in DEL\u2019s Provider Portal, please refer to the communications the ELC has sent to all providers regarding current attendance and reimbursement processing. The ELC will reconcile all payments against actual enrollments when the new system\u2019s attendance features are fully functional. Providers must keep all sign-in\/out sheets in accordance with the records retention requirements of their contracts and be prepared to submit those sheets for the attendance reconciliation process.<\/p>\n<\/div><\/div><\/div>\n\n\n\n<div class=\"wp-block-kadence-pane kt-accordion-pane kt-accordion-pane-12 kt-pane99_6dc62c-00\"><div class=\"kt-accordion-header-wrap\"><button class=\"kt-blocks-accordion-header kt-acccordion-button-label-show\" type=\"button\"><span class=\"kt-blocks-accordion-title-wrap\"><span class=\"kt-blocks-accordion-title\">Recibo un mensaje de error o tengo problemas para cargar documentos en el portal. \u00bfC\u00f3mo puedo subir documentos?<\/span><\/span><span class=\"kt-blocks-accordion-icon-trigger\"><\/span><\/button><\/div><div class=\"kt-accordion-panel kt-accordion-panel-hidden\"><div class=\"kt-accordion-panel-inner\">\n<p>Actualmente existe un l\u00edmite de tama\u00f1o de 2 MB en los archivos que se pueden cargar en el Portal. <a href=\"\/wp-content\/uploads\/2021\/10\/PortalFAQPage-DocumentSizeTips.pdf\" data-type=\"URL\" data-id=\"\/wp-content\/uploads\/2021\/10\/PortalFAQPage-DocumentSizeTips.pdf\" target=\"_blank\" rel=\"noreferrer noopener\">haga clic aqu\u00ed<\/a> para obtener m\u00e1s informaci\u00f3n sobre la carga de documentos y c\u00f3mo solucionar este problema.&nbsp;<\/p>\n<\/div><\/div><\/div>\n<\/div><\/div><\/div>\n<\/div>\n\n\n\n<div class=\"wp-block-column is-layout-flow wp-block-column-is-layout-flow\" style=\"flex-basis:33.33%\"><\/div>\n<\/div>","protected":false},"excerpt":{"rendered":"<p>Preguntas frecuentes sobre el Portal de proveedores a nivel estatal <\/p>\n<p><a class=\"btn btn-secondary understrap-read-more-link\" href=\"https:\/\/elcbigbend.org\/es\/providers\/provider-portal\/\">Leer m\u00e1s&#8230;<\/a><\/p>","protected":false},"author":2,"featured_media":788,"parent":20,"menu_order":1,"comment_status":"closed","ping_status":"closed","template":"page-templates\/page-full.php","meta":{"om_disable_all_campaigns":false,"inline_featured_image":false,"_monsterinsights_skip_tracking":false,"_monsterinsights_sitenote_active":false,"_monsterinsights_sitenote_note":"","_monsterinsights_sitenote_category":0,"_uf_show_specific_survey":0,"_uf_disable_surveys":false,"footnotes":""},"categories":[13],"class_list":["post-99","page","type-page","status-publish","has-post-thumbnail","hentry","category-providers"],"acf":[],"aioseo_notices":[],"_links":{"self":[{"href":"https:\/\/elcbigbend.org\/es\/wp-json\/wp\/v2\/pages\/99","targetHints":{"allow":["GET"]}}],"collection":[{"href":"https:\/\/elcbigbend.org\/es\/wp-json\/wp\/v2\/pages"}],"about":[{"href":"https:\/\/elcbigbend.org\/es\/wp-json\/wp\/v2\/types\/page"}],"author":[{"embeddable":true,"href":"https:\/\/elcbigbend.org\/es\/wp-json\/wp\/v2\/users\/2"}],"replies":[{"embeddable":true,"href":"https:\/\/elcbigbend.org\/es\/wp-json\/wp\/v2\/comments?post=99"}],"version-history":[{"count":7,"href":"https:\/\/elcbigbend.org\/es\/wp-json\/wp\/v2\/pages\/99\/revisions"}],"predecessor-version":[{"id":4225,"href":"https:\/\/elcbigbend.org\/es\/wp-json\/wp\/v2\/pages\/99\/revisions\/4225"}],"up":[{"embeddable":true,"href":"https:\/\/elcbigbend.org\/es\/wp-json\/wp\/v2\/pages\/20"}],"wp:featuredmedia":[{"embeddable":true,"href":"https:\/\/elcbigbend.org\/es\/wp-json\/wp\/v2\/media\/788"}],"wp:attachment":[{"href":"https:\/\/elcbigbend.org\/es\/wp-json\/wp\/v2\/media?parent=99"}],"wp:term":[{"taxonomy":"category","embeddable":true,"href":"https:\/\/elcbigbend.org\/es\/wp-json\/wp\/v2\/categories?post=99"}],"curies":[{"name":"wp","href":"https:\/\/api.w.org\/{rel}","templated":true}]}}