{"id":95,"date":"2021-09-30T08:28:23","date_gmt":"2021-09-30T08:28:23","guid":{"rendered":"http:\/\/elc.local\/?page_id=95"},"modified":"2024-08-14T15:41:35","modified_gmt":"2024-08-14T19:41:35","slug":"health-screenings","status":"publish","type":"page","link":"https:\/\/elcbigbend.org\/es\/parents\/health-screenings\/","title":{"rendered":"Screenings"},"content":{"rendered":"<div class=\"wp-block-columns is-layout-flex wp-container-core-columns-is-layout-9d6595d7 wp-block-columns-is-layout-flex\">\n<div class=\"wp-block-column is-layout-flow wp-block-column-is-layout-flow\">\n<h3 class=\"wp-block-heading\"><strong>Servicios de evaluaci\u00f3n auditiva<\/strong><\/h3>\n\n\n\n<p>El examen de audici\u00f3n gratuito de ELC comienza con la colocaci\u00f3n de una peque\u00f1a sonda en los o\u00eddos del ni\u00f1o. La sonda env\u00eda un sonido al o\u00eddo y, si el o\u00eddo funciona correctamente, produce un &quot;eco&quot; suave. La sonda auditiva puede escuchar este sonido y muestra un resultado de &quot;aprobado&quot; o &quot;referido&quot;.<\/p>\n<\/div>\n\n\n\n<div class=\"wp-block-column is-layout-flow wp-block-column-is-layout-flow\">\n<h3 class=\"wp-block-heading\"><strong>Servicios de examen de la vista<\/strong><\/h3>\n\n\n\n<p>El examen gratuito de la vista de ELC busca problemas comunes de la vista en los ni\u00f1os, como la miop\u00eda y la hipermetrop\u00eda, el astigmatismo y la fuerza desigual entre los ojos. Para administrar la pantalla, se sostiene un dispositivo manual a la altura de los ojos y lejos de la cara del ni\u00f1o. Vision Screener puede imprimir los resultados de la evaluaci\u00f3n para que las familias los lleven a un m\u00e9dico de la vista si son referidos.<\/p>\n\n\n\n<p>Para solicitar un examen de audici\u00f3n o visi\u00f3n, env\u00edenos un correo electr\u00f3nico a <a href=\"mailto:resources@elcbigbend.org\">resources@elcbigbend.org<\/a>.<\/p>\n<\/div>\n\n\n\n<div class=\"wp-block-column is-layout-flow wp-block-column-is-layout-flow\">\n<h3 class=\"wp-block-heading\"><strong>Evaluaci\u00f3n del desarrollo<\/strong><\/h3>\n\n\n\n<p>El cuestionario de desarrollo gratuito de ELC eval\u00faa el desarrollo de un ni\u00f1o en cinco \u00e1reas: comunicaci\u00f3n, motricidad gruesa, motricidad fina, resoluci\u00f3n de problemas y habilidades personales y sociales. En los casos en que un ni\u00f1o necesita ayuda, el ELC crea un Plan de aprendizaje individual (ILP) para el proveedor de cuidado del ni\u00f1o. El ILP proporciona al proveedor de atenci\u00f3n actividades para promover el desarrollo en las \u00e1reas donde el ni\u00f1o obtuvo una puntuaci\u00f3n baja.<\/p>\n\n\n\n<ul class=\"wp-block-list\">\n<li><a href=\"https:\/\/asqonline.com\/family\/c3adfc\" target=\"_blank\" rel=\"noreferrer noopener\">Cuestionario de edades y etapas<\/a> (Ingl\u00e9s)<\/li>\n\n\n\n<li><a href=\"https:\/\/asqonline.com\/family\/15941c\" target=\"_blank\" rel=\"noreferrer noopener\">Cuestionario de edades y etapas<\/a> (Espa\u00f1ol)<\/li>\n\n\n\n<li><a href=\"https:\/\/my.firstwordsproject.com\/office\/3\" target=\"_blank\" rel=\"noreferrer noopener\">Detecci\u00f3n de autismo y trastornos de la comunicaci\u00f3n<\/a> (<a href=\"https:\/\/asqonline.com\/family\/15941c\" target=\"_blank\" rel=\"noreferrer noopener\">ni\u00f1os de 9 a 18 meses<\/a>)<\/li>\n\n\n\n<li><a href=\"https:\/\/www.asqonline.com\/family\/f32ec0\" target=\"_blank\" rel=\"noreferrer noopener\">Cuestionario socioemocional de edades y etapas<\/a> (Ingl\u00e9s)<\/li>\n\n\n\n<li><a href=\"https:\/\/www.asqonline.com\/family\/95f59b\" target=\"_blank\" rel=\"noreferrer noopener\">Cuestionario socioemocional de edades y etapas<\/a> (Espa\u00f1ol)<\/li>\n<\/ul>\n<\/div>\n<\/div>\n\n\n\n<div class=\"wp-block-columns alignfull panel is-layout-flex wp-container-core-columns-is-layout-9d6595d7 wp-block-columns-is-layout-flex\">\n<div class=\"wp-block-column is-layout-flow wp-block-column-is-layout-flow\">\n<div class=\"wp-block-columns panel is-layout-flex wp-container-core-columns-is-layout-9d6595d7 wp-block-columns-is-layout-flex\">\n<div class=\"wp-block-column is-layout-flow wp-block-column-is-layout-flow\" style=\"flex-basis:33.33%\">\n<p><strong>\u00bfNecesita ayuda para completar el cuestionario?<\/strong><\/p>\n\n\n\n<p>The Florida Division of Early Learning (DEL) has created a YouTube video that outlines how to complete the Developmental Screening Questionnaires. You can watch it by <a href=\"https:\/\/youtu.be\/8WoGk-56J-s\">haciendo clic aqu\u00ed<\/a>. \u00bfTodav\u00eda tienes preguntas? Llame para hablar con un especialista en ECE: (850) 385-0504.<\/p>\n<\/div>\n\n\n\n<div class=\"wp-block-column is-layout-flow wp-block-column-is-layout-flow\" style=\"flex-basis:66.66%\">\n<figure class=\"wp-block-embed is-provider-youtube wp-block-embed-youtube\"><div class=\"wp-block-embed__wrapper\">\n<iframe loading=\"lazy\" title=\"Portal familiar: c\u00f3mo completar los cuestionarios de evaluaci\u00f3n del desarrollo\" width=\"640\" height=\"360\" src=\"https:\/\/www.youtube.com\/embed\/8WoGk-56J-s?feature=oembed\" frameborder=\"0\" allow=\"accelerometer; autoplay; clipboard-write; encrypted-media; gyroscope; picture-in-picture; web-share\" referrerpolicy=\"strict-origin-when-cross-origin\" allowfullscreen><\/iframe> \n<\/div><\/figure>\n<\/div>\n<\/div>\n<\/div>\n<\/div>\n\n\n\n<div class=\"wp-block-columns is-layout-flex wp-container-core-columns-is-layout-9d6595d7 wp-block-columns-is-layout-flex\">\n<div class=\"wp-block-column is-layout-flow wp-block-column-is-layout-flow\" style=\"flex-basis:33.33%\">\n<h3 class=\"wp-block-heading\"><strong>Resultados de la detecci\u00f3n<\/strong><\/h3>\n\n\n\n<p>El ELC puede imprimir inmediatamente los resultados de todos los ex\u00e1menes de desarrollo, audici\u00f3n y visi\u00f3n. Si los resultados de la evaluaci\u00f3n muestran alguna inquietud, un especialista en intervenci\u00f3n temprana ayuda a la familia y al proveedor de atenci\u00f3n con los servicios de intervenci\u00f3n.<\/p>\n\n\n\n<p>If you have trouble accessing or understanding the results, DEL has created a YouTube video that outlines how to view screening results in the Family Portal.<\/p>\n<\/div>\n\n\n\n<div class=\"wp-block-column is-layout-flow wp-block-column-is-layout-flow\" style=\"flex-basis:66.66%\">\n<figure class=\"wp-block-embed is-type-video is-provider-youtube wp-block-embed-youtube wp-embed-aspect-16-9 wp-has-aspect-ratio\"><div class=\"wp-block-embed__wrapper\">\n<iframe loading=\"lazy\" title=\"Portal familiar: c\u00f3mo ver los resultados de las pruebas de detecci\u00f3n\" width=\"640\" height=\"360\" src=\"https:\/\/www.youtube.com\/embed\/s6SdVIiaWeI?feature=oembed\" frameborder=\"0\" allow=\"accelerometer; autoplay; clipboard-write; encrypted-media; gyroscope; picture-in-picture; web-share\" referrerpolicy=\"strict-origin-when-cross-origin\" allowfullscreen><\/iframe>\n<\/div><\/figure>\n<\/div>\n<\/div>\n\n\n\n<div class=\"wp-block-columns alignfull panel is-layout-flex wp-container-core-columns-is-layout-9d6595d7 wp-block-columns-is-layout-flex\">\n<div class=\"wp-block-column panel is-layout-flow wp-block-column-is-layout-flow\">\n<h4 class=\"wp-block-heading\"><strong>Cuestionarios de edades y etapas, tercera edici\u00f3n (ASQ-3)<\/strong><\/h4>\n\n\n\n<p>ELC offers ASQ-3 developmental screenings&nbsp;for children two months to five years of age to identify possible delays in a child\u2019s development. We know how critical the first five years of life are; the sooner we identify a delay or disability, the sooner we can help connect children with needed services and supports.&nbsp;Law requires ELCs to complete ASQ screenings for children aged birth to five years who are currently enrolled in the School Readiness program. The ELCBB accepts ASQs for non-School Readiness children if the caregiver has consented to the screening by signing a Warm Line Permission Form (see Warm-Line Services at the bottom of this page).&nbsp;<\/p>\n\n\n\n<p>ASQ-3 developmental screenings&nbsp;are completed on the child by the caregiver annually and address:&nbsp;<\/p>\n\n\n\n<ul class=\"wp-block-list\">\n<li><strong>Comunicaci\u00f3n:<\/strong> aborda la vocalizaci\u00f3n, la escucha y la comprensi\u00f3n<\/li>\n\n\n\n<li><strong>Motricidad gruesa:<\/strong> se enfoca en los movimientos de brazos, cuerpo y piernas<\/li>\n\n\n\n<li><strong>Buen motor:<\/strong> se enfoca en los movimientos de manos y dedos<\/li>\n\n\n\n<li><strong>Resoluci\u00f3n de problemas:<\/strong> se enfoca en aprender y jugar con juguetes<\/li>\n\n\n\n<li><strong>Personal-Social: <\/strong>se centra en el juego social y las habilidades de autoayuda<\/li>\n<\/ul>\n\n\n\n<p><strong>Evaluaci\u00f3n ASQ en l\u00ednea:<\/strong><\/p>\n\n\n\n<ul class=\"wp-block-list\">\n<li><a href=\"https:\/\/asqonline.com\/family\/c3adfc\">Cuestionario de edades y etapas (ingl\u00e9s)<\/a><\/li>\n\n\n\n<li><a href=\"https:\/\/asqonline.com\/family\/15941c\">Cuestionario de Edades y Etapas (Espa\u00f1ol)<\/a><\/li>\n<\/ul>\n\n\n\n<p><strong>Ages and Stages Questionnaires\u00ae Social-Emotional, 2nd Edition (ASQ-SE2) (Muy recomendado)&nbsp;<\/strong><\/p>\n\n\n\n<p>The ASQ-SE2 is a screening tool that is designed to identify children 3-months through 66-months of age whose social-emotional development may require a further evaluation.&nbsp;An ASQ-SE2 is completed when a concern has been expressed by either the caregiver or the child care provider. Simple to complete questionnaires are given to the child\u2019s caregiver that address behaviors such as:<\/p>\n\n\n\n<ul class=\"wp-block-list\">\n<li><strong>Autorregulaci\u00f3n:<\/strong> capacidad de adaptarse al entorno<\/li>\n\n\n\n<li><strong>Cumplimiento:<\/strong> capacidad para seguir reglas e instrucciones<\/li>\n\n\n\n<li><strong>Afectar:<\/strong> la capacidad de demostrar sus propios sentimientos<\/li>\n\n\n\n<li><strong>Interacci\u00f3n con las personas:<\/strong> la capacidad de responder adecuadamente en una situaci\u00f3n social<\/li>\n<\/ul>\n\n\n\n<p><strong>Proyecci\u00f3n en l\u00ednea:<\/strong><\/p>\n\n\n\n<ul class=\"wp-block-list\">\n<li><a href=\"https:\/\/www.asqonline.com\/family\/f32ec0\" data-type=\"URL\" data-id=\"https:\/\/www.asqonline.com\/family\/f32ec0\">Cuestionario socioemocional de edades y etapas (ingl\u00e9s)<\/a><\/li>\n\n\n\n<li><a href=\"https:\/\/www.asqonline.com\/family\/95f59b\" data-type=\"URL\" data-id=\"https:\/\/www.asqonline.com\/family\/95f59b\">Cuestionario socioemocional de edades y etapas (espa\u00f1ol)<\/a><\/li>\n<\/ul>\n\n\n\n<p>For more information, contact the ELC&#8217;s Early Care &amp; Education team at <a href=\"mailto:resources@elcbigbend.org\">resources@elcbigbend.org<\/a><\/p>\n<\/div>\n<\/div>\n\n\n\n<h4 class=\"wp-block-heading\"><strong>Otras herramientas de detecci\u00f3n y evaluaci\u00f3n<\/strong><\/h4>\n\n\n\n<p><strong>Estrategias de Ense\u00f1anza ORO<\/strong><\/p>\n\n\n\n<p>La Coalici\u00f3n de aprendizaje temprano de la regi\u00f3n de Big Bend ha adoptado el instrumento de evaluaci\u00f3n en l\u00ednea Teaching Strategies GOLD\u00ae. Este instrumento de evaluaci\u00f3n permite a los educadores realizar un seguimiento de la progresi\u00f3n del desarrollo de un ni\u00f1o desde el nacimiento hasta los cinco a\u00f1os de edad. El instrumento en l\u00ednea permite a los educadores documentar las observaciones diarias en su sistema en l\u00ednea y vincularlas con las Estrategias de ense\u00f1anza. <a href=\"\/wp-content\/uploads\/2022\/01\/GOLD_Progressions_EN.pdf\" data-type=\"URL\">Objetivos para el desarrollo y el aprendizaje<\/a>.<\/p>\n\n\n\n<p>El ELC mantiene una suscripci\u00f3n anual con Teaching Strategies. Los preescolares que eligen utilizar Teaching Strategies GOLD\u00ae bajo la suscripci\u00f3n de ELC reciben:<\/p>\n\n\n\n<ul class=\"wp-block-list\">\n<li>Suscripci\u00f3n GOLD gratuita para cada ni\u00f1o inscrito en el programa School Readiness<\/li>\n\n\n\n<li>Capacitaci\u00f3n continua gratuita para administradores y maestros<\/li>\n\n\n\n<li>Asistencia t\u00e9cnica continua gratuita por tel\u00e9fono, correo electr\u00f3nico y en persona<\/li>\n\n\n\n<li>50% de descuento en el costo de suscripci\u00f3n para ni\u00f1os no inscritos en el programa School Readiness<\/li>\n\n\n\n<li>Tutor\u00eda\/Coaching para todos los profesores que utilizan el instrumento<\/li>\n<\/ul>\n\n\n\n<p>Obtenga m\u00e1s informaci\u00f3n visitando el <a href=\"http:\/\/www.teachingstrategies.com\/\" data-type=\"URL\" data-id=\"http:\/\/www.teachingstrategies.com\/\">Sitio web de Estrategias de Ense\u00f1anza<\/a>.<\/p>\n\n\n\n<p>Si est\u00e1 interesado en Going For the GOLD, env\u00edenos un correo electr\u00f3nico a <a href=\"mailto:resources@elcbigbend.org\">resources@elcbigbend.org<\/a>.<\/p>\n\n\n\n<p><a href=\"https:\/\/my.firstwordsproject.com\/office\/3\" data-type=\"URL\" data-id=\"https:\/\/my.firstwordsproject.com\/office\/3\">Detecci\u00f3n de autismo y trastornos de la comunicaci\u00f3n<\/a>&nbsp;<a href=\"https:\/\/asqonline.com\/family\/15941c\" data-type=\"URL\" data-id=\"https:\/\/asqonline.com\/family\/15941c\">(ni\u00f1os de 9 a 18 meses)<\/a><\/p>\n\n\n\n<p><strong>Servicios de l\u00ednea c\u00e1lida<\/strong><\/p>\n\n\n\n<p>Los servicios Warm-Line est\u00e1n disponibles para <strong><u>ning\u00fan<\/u><\/strong> ni\u00f1o desde el nacimiento hasta los cinco a\u00f1os en un entorno de cuidado y educaci\u00f3n temprana. No se requiere que los ni\u00f1os reciban preparaci\u00f3n escolar o servicios VPK para ser elegibles. Se requiere un formulario de permiso antes de que se pueda proporcionar cualquier servicio a un ni\u00f1o en particular. Todos los servicios prestados por Warm-Line son gratuitos.<\/p>\n\n\n\n<p>Formularios para servicios Warm-Line:<\/p>\n\n\n\n<ul class=\"wp-block-list\">\n<li><a href=\"http:\/\/elcbigbend.org\/wp-content\/uploads\/2024\/08\/WarmLine-Flyer-.pdf\" title=\"\">Folleto de l\u00ednea c\u00e1lida<\/a><\/li>\n\n\n\n<li><a href=\"http:\/\/elcbigbend.org\/wp-content\/uploads\/2024\/08\/Warmline-Permission-Form.pdf\" title=\"\">Formulario de permiso de l\u00ednea c\u00e1lida<\/a><\/li>\n\n\n\n<li><a href=\"\/wp-content\/uploads\/2022\/01\/EarlyIntervention-BehavioralLog.pdf\" data-type=\"URL\">Registro de comportamiento&nbsp;<\/a><\/li>\n<\/ul>\n\n\n\n<p>Para obtener m\u00e1s informaci\u00f3n, comun\u00edquese con el equipo de Educaci\u00f3n y Cuidado Temprano de ELC al <a href=\"mailto:ccrr@elcbigbend.org\">resources@elcbigbend.org<\/a> o (866) 973-9030.<\/p>","protected":false},"excerpt":{"rendered":"<p>Hearing Screening Services The ELC&#8217;s free hearing screen starts with placing a small probe into the child&#8217;s ears. The probe sends a sound into the ear and, if the ear <\/p>\n<p><a class=\"btn btn-secondary understrap-read-more-link\" href=\"https:\/\/elcbigbend.org\/es\/parents\/health-screenings\/\">Leer m\u00e1s&#8230;<\/a><\/p>","protected":false},"author":2,"featured_media":740,"parent":18,"menu_order":4,"comment_status":"closed","ping_status":"closed","template":"page-templates\/page-full.php","meta":{"om_disable_all_campaigns":false,"inline_featured_image":false,"_monsterinsights_skip_tracking":false,"_monsterinsights_sitenote_active":false,"_monsterinsights_sitenote_note":"","_monsterinsights_sitenote_category":0,"_uf_show_specific_survey":0,"_uf_disable_surveys":false,"footnotes":""},"categories":[12],"class_list":["post-95","page","type-page","status-publish","has-post-thumbnail","hentry","category-parents"],"acf":[],"aioseo_notices":[],"_links":{"self":[{"href":"https:\/\/elcbigbend.org\/es\/wp-json\/wp\/v2\/pages\/95","targetHints":{"allow":["GET"]}}],"collection":[{"href":"https:\/\/elcbigbend.org\/es\/wp-json\/wp\/v2\/pages"}],"about":[{"href":"https:\/\/elcbigbend.org\/es\/wp-json\/wp\/v2\/types\/page"}],"author":[{"embeddable":true,"href":"https:\/\/elcbigbend.org\/es\/wp-json\/wp\/v2\/users\/2"}],"replies":[{"embeddable":true,"href":"https:\/\/elcbigbend.org\/es\/wp-json\/wp\/v2\/comments?post=95"}],"version-history":[{"count":8,"href":"https:\/\/elcbigbend.org\/es\/wp-json\/wp\/v2\/pages\/95\/revisions"}],"predecessor-version":[{"id":3208,"href":"https:\/\/elcbigbend.org\/es\/wp-json\/wp\/v2\/pages\/95\/revisions\/3208"}],"up":[{"embeddable":true,"href":"https:\/\/elcbigbend.org\/es\/wp-json\/wp\/v2\/pages\/18"}],"wp:featuredmedia":[{"embeddable":true,"href":"https:\/\/elcbigbend.org\/es\/wp-json\/wp\/v2\/media\/740"}],"wp:attachment":[{"href":"https:\/\/elcbigbend.org\/es\/wp-json\/wp\/v2\/media?parent=95"}],"wp:term":[{"taxonomy":"category","embeddable":true,"href":"https:\/\/elcbigbend.org\/es\/wp-json\/wp\/v2\/categories?post=95"}],"curies":[{"name":"wp","href":"https:\/\/api.w.org\/{rel}","templated":true}]}}