{"id":89,"date":"2021-09-30T08:26:17","date_gmt":"2021-09-30T08:26:17","guid":{"rendered":"http:\/\/elc.local\/?page_id=89"},"modified":"2026-03-17T13:06:14","modified_gmt":"2026-03-17T17:06:14","slug":"childcare","status":"publish","type":"page","link":"https:\/\/elcbigbend.org\/es\/parents\/childcare\/","title":{"rendered":"Cuidado de los ni\u00f1os"},"content":{"rendered":"<h2 class=\"wp-block-heading\">\u00bfBusca cuidado infantil?<\/h2>\n\n\n\n<p>There are many factors to consider when selecting child care including location, cost, and whether there are openings for your child. It is also important to think about which type of care is best for your child, what curriculum best meets your child&#8217;s needs, and the staff\u2019s training and experience. The Early Learning Coalition helps families make informed decisions when choosing a provider for their children.<\/p>\n\n\n\n<h3 class=\"wp-block-heading\">Pr\u00f3ximos pasos:<\/h3>\n\n\n\n<div class=\"wp-block-columns is-layout-flex wp-container-core-columns-is-layout-9d6595d7 wp-block-columns-is-layout-flex\">\n<div class=\"wp-block-column is-layout-flow wp-block-column-is-layout-flow\">\n<ol class=\"wp-block-list\">\n<li><strong>\u00bfSabe c\u00f3mo identificar un proveedor de calidad?<\/strong> Lea nuestra Gu\u00eda para la familia para conocer las opciones de cuidado infantil, incluidos los tipos de cuidado y qu\u00e9 buscar en un cuidado infantil de calidad.<\/li>\n\n\n\n<li><strong>\u00bfNecesita una lista de posibles proveedores de cuidado infantil?<\/strong> Devolver un completo <strong><a href=\"https:\/\/elcbigbend.org\/es\/community\/ccrr\/customer-intake-form\/\" title=\"\">Formulario de admisi\u00f3n de clientes<\/a><\/strong> para recibir una lista de posibles proveedores seg\u00fan los criterios que seleccione.<\/li>\n\n\n\n<li><strong>Revise los proveedores de cuidado infantil en l\u00ednea.<\/strong> Cree una lista corta de proveedores que satisfagan las necesidades de su familia. Revise la informaci\u00f3n de cada proveedor, incluida la informaci\u00f3n sobre los servicios, la capacitaci\u00f3n del personal, la acreditaci\u00f3n y el cumplimiento de las leyes estatales a trav\u00e9s del sistema CARES del DCF.<\/li>\n\n\n\n<li><strong>Elija un proveedor de cuidado infantil de calidad.<\/strong> Now that you know what to look for and what to ask, use <a href=\"https:\/\/www.childcareaware.org\/wp-content\/uploads\/2018\/09\/Center-Checklist_FINAL.pdf\" title=\"\">\u201cA Parent Checklist for Quality Child Care\u201d<\/a> when visiting each provider. You can also use the \u201c<a href=\"https:\/\/www.myflfamilies.com\/sites\/default\/files\/2023-02\/Know%20Your%20Child%20Care%20Facility%20Brochure-eng.pdf\" title=\"\">Know Your Child Care Facility<\/a>\u201d brochure when visiting providers. Then choose the provider that best meets your family\u2019s needs.<\/li>\n\n\n\n<li><strong>\u00bfNecesita ayuda para pagar el cuidado infantil?<\/strong> <a href=\"https:\/\/familyservices.floridaearlylearning.com\/\" title=\"\">Submit a School Readiness application<\/a> for financial help with child care now that you\u2019ve chosen a provider.<\/li>\n<\/ol>\n\n\n\n<div class=\"wp-block-buttons is-layout-flex wp-block-buttons-is-layout-flex\">\n<div class=\"wp-block-button\"><a class=\"wp-block-button__link wp-element-button\" href=\"https:\/\/familyservices.floridaearlylearning.com\/\">School Readiness Application<\/a><\/div>\n<\/div>\n<\/div>\n\n\n\n<div class=\"wp-block-column is-layout-flow wp-block-column-is-layout-flow\"><div class=\"wp-block-image img-right\">\n<figure class=\"aligncenter size-full\"><img loading=\"lazy\" decoding=\"async\" width=\"600\" height=\"400\" src=\"\/wp-content\/uploads\/2022\/01\/insert-3a.jpg\" alt=\"Teacher with children in a classroom\" class=\"wp-image-770\" srcset=\"https:\/\/elcbigbend.org\/wp-content\/uploads\/2022\/01\/insert-3a.jpg 600w, https:\/\/elcbigbend.org\/wp-content\/uploads\/2022\/01\/insert-3a-300x200.jpg 300w, https:\/\/elcbigbend.org\/wp-content\/uploads\/2022\/01\/insert-3a-18x12.jpg 18w\" sizes=\"auto, (max-width: 600px) 100vw, 600px\" \/><\/figure>\n<\/div>\n\n\n<div class=\"wp-block-group insetbox\"><div class=\"wp-block-group__inner-container is-layout-flow wp-block-group-is-layout-flow\">\n<h5 class=\"wp-block-heading\">Otros recursos \u00fatiles<\/h5>\n\n\n\n<p>Seleccionar una atenci\u00f3n de calidad lleva tiempo, pero le ayudar\u00e1 a encontrar la atenci\u00f3n que desea para su hijo. Para obtener informaci\u00f3n sobre:<\/p>\n\n\n\n<p><strong>Programas extracurriculares<\/strong>&nbsp;- leer el &quot;<a href=\"\/wp-content\/uploads\/2021\/11\/know-your-cc-facility.pdf\">Est\u00e1ndares de Florida para programas extracurriculares de calidad<\/a>. &quot;<\/p>\n\n\n\n<p><strong>Cuidado de verano<\/strong>&nbsp;- utilizar el &quot;<a href=\"\/wp-content\/uploads\/2021\/11\/QualityChecklist.pdf\">Selecci\u00f3n de cuidado de verano para ni\u00f1os en edad escolar: una lista de verificaci\u00f3n de calidad.<\/a>&quot;<\/p>\n\n\n\n<p><strong>Proveedores de preparaci\u00f3n escolar<\/strong>: See a <a href=\"http:\/\/elcbigbend.org\/wp-content\/uploads\/2026\/03\/Provider-Search-Results-SR-3.16.26.pdf\" title=\"\">complete list of contracted ELC providers that offer School Readiness <\/a>(updated March 2026)<\/p>\n\n\n\n<p><strong>VPK Providers: <\/strong>See a <a href=\"http:\/\/elcbigbend.org\/wp-content\/uploads\/2026\/03\/Provider-Search-Results-VPK-3.16.26.pdf\" title=\"\">complete list of contracted ELC providers that offer VPK<\/a> (updated March 2026)<\/p>\n<\/div><\/div>\n<\/div>\n<\/div>\n\n\n\n<figure class=\"wp-block-image size-large is-resized\"><img loading=\"lazy\" decoding=\"async\" width=\"1024\" height=\"526\" src=\"https:\/\/elcbigbend.org\/wp-content\/uploads\/2021\/12\/stock-2-1024x526.jpg\" alt=\"Kids painting\" class=\"wp-image-750\" style=\"aspect-ratio:16\/9;object-fit:contain;width:2000px;height:undefinedpx\" srcset=\"https:\/\/elcbigbend.org\/wp-content\/uploads\/2021\/12\/stock-2-1024x526.jpg 1024w, https:\/\/elcbigbend.org\/wp-content\/uploads\/2021\/12\/stock-2-300x154.jpg 300w, https:\/\/elcbigbend.org\/wp-content\/uploads\/2021\/12\/stock-2-768x395.jpg 768w, https:\/\/elcbigbend.org\/wp-content\/uploads\/2021\/12\/stock-2-1536x790.jpg 1536w, https:\/\/elcbigbend.org\/wp-content\/uploads\/2021\/12\/stock-2-18x9.jpg 18w, https:\/\/elcbigbend.org\/wp-content\/uploads\/2021\/12\/stock-2.jpg 2000w\" sizes=\"auto, (max-width: 1024px) 100vw, 1024px\" \/><\/figure>\n\n\n\n<h3 class=\"wp-block-heading\"><strong>\u00bfNecesita ayuda para pagar el cuidado infantil?<\/strong><\/h3>\n\n\n\n<div class=\"wp-block-columns is-layout-flex wp-container-core-columns-is-layout-9d6595d7 wp-block-columns-is-layout-flex\">\n<div class=\"wp-block-column is-layout-flow wp-block-column-is-layout-flow\">\n<p>The ELC helps at-risk and low-income working families by providing child care tuition assistance through the <a href=\"https:\/\/elcbigbend.org\/es\/parents\/school-readiness\/\">Preparaci\u00f3n para la escuela<\/a> program.<\/p>\n\n\n\n<p>La ley requiere que el ELC determine la elegibilidad en parte a prop\u00f3sito para el cuidado (trabajar, asistir a la escuela, etc.), los ingresos del hogar y la cantidad de personas en el hogar. Nos inscribimos en el programa School Readiness cuando hay fondos disponibles. Por lo general, hay una lista de espera para recibir servicios. Para ver si puede ser elegible para este programa, acceda a Florida <a href=\"https:\/\/familyservices.floridaearlylearning.com\/Account\/Login\" data-type=\"URL\" data-id=\"https:\/\/familyservices.floridaearlylearning.com\/Account\/Login\">Portal familiar de aprendizaje temprano<\/a>.<\/p>\n\n\n\n<p>Para obtener m\u00e1s informaci\u00f3n, ll\u00e1menos al (850) 385-0504.<\/p>\n<\/div>\n\n\n\n<div class=\"wp-block-column is-layout-flow wp-block-column-is-layout-flow\"><style>.kt-accordion-id89_7e923d-ca .kt-accordion-inner-wrap{column-gap:var(--global-kb-gap-md, 2rem);row-gap:10px;}.kt-accordion-id89_7e923d-ca .kt-accordion-panel-inner{border-top:0px solid transparent;border-right:1px solid transparent;border-bottom:1px solid transparent;border-left:1px solid transparent;background:#ffffff;padding-top:var(--global-kb-spacing-sm, 1.5rem);padding-right:var(--global-kb-spacing-sm, 1.5rem);padding-bottom:var(--global-kb-spacing-sm, 1.5rem);padding-left:var(--global-kb-spacing-sm, 1.5rem);}.kt-accordion-id89_7e923d-ca .wp-block-kadence-pane .kt-accordion-header-wrap .kt-blocks-accordion-header{border-top:1px solid #eeeeee;border-right:1px solid #eeeeee;border-bottom:1px solid #eeeeee;border-left:2px solid #eeeeee;border-top-left-radius:0px;border-top-right-radius:0px;border-bottom-right-radius:0px;border-bottom-left-radius:0px;background:#ffffff;font-size:18px;line-height:24px;color:#444444;padding-top:14px;padding-right:16px;padding-bottom:14px;padding-left:16px;}.kt-accordion-id89_7e923d-ca:not( .kt-accodion-icon-style-basiccircle ):not( .kt-accodion-icon-style-xclosecircle ):not( .kt-accodion-icon-style-arrowcircle ) .kt-blocks-accordion-icon-trigger:after, .kt-accordion-id89_7e923d-ca:not( .kt-accodion-icon-style-basiccircle ):not( .kt-accodion-icon-style-xclosecircle ):not( .kt-accodion-icon-style-arrowcircle ) .kt-blocks-accordion-icon-trigger:before{background:#444444;}.kt-accordion-id89_7e923d-ca:not( .kt-accodion-icon-style-basic ):not( .kt-accodion-icon-style-xclose ):not( .kt-accodion-icon-style-arrow ) .kt-blocks-accordion-icon-trigger{background:#444444;}.kt-accordion-id89_7e923d-ca:not( .kt-accodion-icon-style-basic ):not( .kt-accodion-icon-style-xclose ):not( .kt-accodion-icon-style-arrow ) .kt-blocks-accordion-icon-trigger:after, .kt-accordion-id89_7e923d-ca:not( .kt-accodion-icon-style-basic ):not( .kt-accodion-icon-style-xclose ):not( .kt-accodion-icon-style-arrow ) .kt-blocks-accordion-icon-trigger:before{background:#ffffff;}.kt-accordion-id89_7e923d-ca .kt-accordion-header-wrap .kt-blocks-accordion-header:hover, body:not(.hide-focus-outline) .kt-accordion-id89_7e923d-ca .kt-accordion-header-wrap .kt-blocks-accordion-header:focus-visible{color:#444444;background:#ffffff;border-top:1px solid #d4d4d4;border-right:1px solid #d4d4d4;border-bottom:1px solid #d4d4d4;border-left:2px solid #d4d4d4;}.kt-accordion-id89_7e923d-ca:not( .kt-accodion-icon-style-basiccircle ):not( .kt-accodion-icon-style-xclosecircle ):not( .kt-accodion-icon-style-arrowcircle ) .kt-blocks-accordion-header:hover .kt-blocks-accordion-icon-trigger:after, .kt-accordion-id89_7e923d-ca:not( .kt-accodion-icon-style-basiccircle ):not( .kt-accodion-icon-style-xclosecircle ):not( .kt-accodion-icon-style-arrowcircle ) .kt-blocks-accordion-header:hover .kt-blocks-accordion-icon-trigger:before, body:not(.hide-focus-outline) .kt-accordion-id89_7e923d-ca:not( .kt-accodion-icon-style-basiccircle ):not( .kt-accodion-icon-style-xclosecircle ):not( .kt-accodion-icon-style-arrowcircle ) .kt-blocks-accordion--visible .kt-blocks-accordion-icon-trigger:after, body:not(.hide-focus-outline) .kt-accordion-id89_7e923d-ca:not( .kt-accodion-icon-style-basiccircle ):not( .kt-accodion-icon-style-xclosecircle ):not( .kt-accodion-icon-style-arrowcircle ) .kt-blocks-accordion-header:focus-visible .kt-blocks-accordion-icon-trigger:before{background:#444444;}.kt-accordion-id89_7e923d-ca:not( .kt-accodion-icon-style-basic ):not( .kt-accodion-icon-style-xclose ):not( .kt-accodion-icon-style-arrow ) .kt-blocks-accordion-header:hover .kt-blocks-accordion-icon-trigger, body:not(.hide-focus-outline) .kt-accordion-id89_7e923d-ca:not( .kt-accodion-icon-style-basic ):not( .kt-accodion-icon-style-xclose ):not( .kt-accodion-icon-style-arrow ) .kt-blocks-accordion-header:focus-visible .kt-blocks-accordion-icon-trigger{background:#444444;}.kt-accordion-id89_7e923d-ca:not( .kt-accodion-icon-style-basic ):not( .kt-accodion-icon-style-xclose ):not( .kt-accodion-icon-style-arrow ) .kt-blocks-accordion-header:hover .kt-blocks-accordion-icon-trigger:after, .kt-accordion-id89_7e923d-ca:not( .kt-accodion-icon-style-basic ):not( .kt-accodion-icon-style-xclose ):not( .kt-accodion-icon-style-arrow ) .kt-blocks-accordion-header:hover .kt-blocks-accordion-icon-trigger:before, body:not(.hide-focus-outline) .kt-accordion-id89_7e923d-ca:not( .kt-accodion-icon-style-basic ):not( .kt-accodion-icon-style-xclose ):not( .kt-accodion-icon-style-arrow ) .kt-blocks-accordion-header:focus-visible .kt-blocks-accordion-icon-trigger:after, body:not(.hide-focus-outline) .kt-accordion-id89_7e923d-ca:not( .kt-accodion-icon-style-basic ):not( .kt-accodion-icon-style-xclose ):not( .kt-accodion-icon-style-arrow ) .kt-blocks-accordion-header:focus-visible .kt-blocks-accordion-icon-trigger:before{background:#ffffff;}.kt-accordion-id89_7e923d-ca .kt-accordion-header-wrap .kt-blocks-accordion-header:focus-visible, .kt-accordion-id89_7e923d-ca .kt-accordion-header-wrap .kt-blocks-accordion-header.kt-accordion-panel-active{color:#444444;background:#ffffff;border-top:1px solid #eeeeee;border-right:1px solid #eeeeee;border-bottom:1px solid #eeeeee;border-left:2px solid #0e9cd1;}.kt-accordion-id89_7e923d-ca:not( .kt-accodion-icon-style-basiccircle ):not( .kt-accodion-icon-style-xclosecircle ):not( .kt-accodion-icon-style-arrowcircle ) .kt-blocks-accordion-header.kt-accordion-panel-active .kt-blocks-accordion-icon-trigger:after, .kt-accordion-id89_7e923d-ca:not( .kt-accodion-icon-style-basiccircle ):not( .kt-accodion-icon-style-xclosecircle ):not( .kt-accodion-icon-style-arrowcircle ) .kt-blocks-accordion-header.kt-accordion-panel-active .kt-blocks-accordion-icon-trigger:before{background:#444444;}.kt-accordion-id89_7e923d-ca:not( .kt-accodion-icon-style-basic ):not( .kt-accodion-icon-style-xclose ):not( .kt-accodion-icon-style-arrow ) .kt-blocks-accordion-header.kt-accordion-panel-active .kt-blocks-accordion-icon-trigger{background:#444444;}.kt-accordion-id89_7e923d-ca:not( .kt-accodion-icon-style-basic ):not( .kt-accodion-icon-style-xclose ):not( .kt-accodion-icon-style-arrow ) .kt-blocks-accordion-header.kt-accordion-panel-active .kt-blocks-accordion-icon-trigger:after, .kt-accordion-id89_7e923d-ca:not( .kt-accodion-icon-style-basic ):not( .kt-accodion-icon-style-xclose ):not( .kt-accodion-icon-style-arrow ) .kt-blocks-accordion-header.kt-accordion-panel-active .kt-blocks-accordion-icon-trigger:before{background:#ffffff;}@media all and (max-width: 1024px){.kt-accordion-id89_7e923d-ca .kt-accordion-panel-inner{border-top:0px solid transparent;border-right:1px solid transparent;border-bottom:1px solid transparent;border-left:1px solid transparent;}}@media all and (max-width: 1024px){.kt-accordion-id89_7e923d-ca .wp-block-kadence-pane .kt-accordion-header-wrap .kt-blocks-accordion-header{border-top:1px solid #eeeeee;border-right:1px solid #eeeeee;border-bottom:1px solid #eeeeee;border-left:2px solid #eeeeee;}}@media all and (max-width: 1024px){.kt-accordion-id89_7e923d-ca .kt-accordion-header-wrap .kt-blocks-accordion-header:hover, body:not(.hide-focus-outline) .kt-accordion-id89_7e923d-ca .kt-accordion-header-wrap .kt-blocks-accordion-header:focus-visible{border-top:1px solid #d4d4d4;border-right:1px solid #d4d4d4;border-bottom:1px solid #d4d4d4;border-left:2px solid #d4d4d4;}}@media all and (max-width: 1024px){.kt-accordion-id89_7e923d-ca .kt-accordion-header-wrap .kt-blocks-accordion-header:focus-visible, .kt-accordion-id89_7e923d-ca .kt-accordion-header-wrap .kt-blocks-accordion-header.kt-accordion-panel-active{border-top:1px solid #eeeeee;border-right:1px solid #eeeeee;border-bottom:1px solid #eeeeee;border-left:2px solid #0e9cd1;}}@media all and (max-width: 767px){.kt-accordion-id89_7e923d-ca .kt-accordion-inner-wrap{display:block;}.kt-accordion-id89_7e923d-ca .kt-accordion-inner-wrap .kt-accordion-pane:not(:first-child){margin-top:10px;}.kt-accordion-id89_7e923d-ca .kt-accordion-panel-inner{border-top:0px solid transparent;border-right:1px solid transparent;border-bottom:1px solid transparent;border-left:1px solid transparent;}.kt-accordion-id89_7e923d-ca .wp-block-kadence-pane .kt-accordion-header-wrap .kt-blocks-accordion-header{border-top:1px solid #eeeeee;border-right:1px solid #eeeeee;border-bottom:1px solid #eeeeee;border-left:2px solid #eeeeee;}.kt-accordion-id89_7e923d-ca .kt-accordion-header-wrap .kt-blocks-accordion-header:hover, body:not(.hide-focus-outline) .kt-accordion-id89_7e923d-ca .kt-accordion-header-wrap .kt-blocks-accordion-header:focus-visible{border-top:1px solid #d4d4d4;border-right:1px solid #d4d4d4;border-bottom:1px solid #d4d4d4;border-left:2px solid #d4d4d4;}.kt-accordion-id89_7e923d-ca .kt-accordion-header-wrap .kt-blocks-accordion-header:focus-visible, .kt-accordion-id89_7e923d-ca .kt-accordion-header-wrap .kt-blocks-accordion-header.kt-accordion-panel-active{border-top:1px solid #eeeeee;border-right:1px solid #eeeeee;border-bottom:1px solid #eeeeee;border-left:2px solid #0e9cd1;}}<\/style>\n<div class=\"wp-block-kadence-accordion alignnone\"><div class=\"kt-accordion-wrap kt-accordion-id89_7e923d-ca kt-accordion-has-3-panes kt-active-pane-0 kt-accordion-block kt-pane-header-alignment-left kt-accodion-icon-style-arrow kt-accodion-icon-side-right\" style=\"max-width:none\"><div class=\"kt-accordion-inner-wrap\" data-allow-multiple-open=\"false\" data-start-open=\"none\">\n<div class=\"wp-block-kadence-pane kt-accordion-pane kt-accordion-pane-1 kt-pane89_fb441b-45\"><div class=\"kt-accordion-header-wrap\"><button class=\"kt-blocks-accordion-header kt-acccordion-button-label-show\" type=\"button\"><span class=\"kt-blocks-accordion-title-wrap\"><span class=\"kt-blocks-accordion-title\"><strong>\u00bfQu\u00e9 es el Portal de la familia?<\/strong><\/span><\/span><span class=\"kt-blocks-accordion-icon-trigger\"><\/span><\/button><\/div><div class=\"kt-accordion-panel kt-accordion-panel-hidden\"><div class=\"kt-accordion-panel-inner\">\n<p>El <a href=\"https:\/\/familyservices.floridaearlylearning.com\/Account\/Login\" data-type=\"URL\" data-id=\"https:\/\/familyservices.floridaearlylearning.com\/Account\/Login\">Portal familiar de aprendizaje temprano<\/a>&nbsp;is a web-based system through which families apply for the School Readiness and VPK programs. A caregiver only needs an email address and internet access to apply. ELC staff review applications and communicate with families through the Family Portal.<\/p>\n<\/div><\/div><\/div>\n\n\n\n<div class=\"wp-block-kadence-pane kt-accordion-pane kt-accordion-pane-2 kt-pane89_1d1368-a6\"><div class=\"kt-accordion-header-wrap\"><button class=\"kt-blocks-accordion-header kt-acccordion-button-label-show\" type=\"button\"><span class=\"kt-blocks-accordion-title-wrap\"><span class=\"kt-blocks-accordion-title\"><strong>Recertificaci\u00f3n<\/strong><\/span><\/span><span class=\"kt-blocks-accordion-icon-trigger\"><\/span><\/button><\/div><div class=\"kt-accordion-panel kt-accordion-panel-hidden\"><div class=\"kt-accordion-panel-inner\">\n<p>Once the ELC enrolls a caregiver in the School Readiness program, the caregiver must recertify for services before their redetermination deadline to stay in the program. This deadline is on your Child Care Certificate and is your deadline even if it falls on a weekend, holiday, or any other day the ELC is closed. It is important for families to complete their recertification in the <a href=\"https:\/\/familyservices.floridaearlylearning.com\/Account\/LogOn\">Portal familiar de aprendizaje temprano<\/a>&nbsp;en o antes de la fecha l\u00edmite para que no pierdan la elegibilidad para el programa.<\/p>\n<\/div><\/div><\/div>\n\n\n\n<div class=\"wp-block-kadence-pane kt-accordion-pane kt-accordion-pane-3 kt-pane89_28a5e5-68\"><div class=\"kt-accordion-header-wrap\"><button class=\"kt-blocks-accordion-header kt-acccordion-button-label-show\" type=\"button\"><span class=\"kt-blocks-accordion-title-wrap\"><span class=\"kt-blocks-accordion-title\"><strong>Necesito ayuda para aplicar.<\/strong><\/span><\/span><span class=\"kt-blocks-accordion-icon-trigger\"><\/span><\/button><\/div><div class=\"kt-accordion-panel kt-accordion-panel-hidden\"><div class=\"kt-accordion-panel-inner\">\n<p>The Division of Early Learning has created a YouTube video that outlines how to complete the School Readiness Enrollment Process on the Family Portal. You can watch it below.<\/p>\n\n\n\n<figure class=\"wp-block-embed is-type-video is-provider-youtube wp-block-embed-youtube wp-embed-aspect-16-9 wp-has-aspect-ratio\"><div class=\"wp-block-embed__wrapper\">\n<iframe loading=\"lazy\" title=\"Portal familiar: c\u00f3mo completar el proceso de inscripci\u00f3n para la preparaci\u00f3n escolar\" width=\"640\" height=\"360\" src=\"https:\/\/www.youtube.com\/embed\/_QK7BDxYYM8?feature=oembed\" frameborder=\"0\" allow=\"accelerometer; autoplay; clipboard-write; encrypted-media; gyroscope; picture-in-picture; web-share\" referrerpolicy=\"strict-origin-when-cross-origin\" allowfullscreen><\/iframe>\n<\/div><\/figure>\n<\/div><\/div><\/div>\n<\/div><\/div><\/div>\n<\/div>\n<\/div>","protected":false},"excerpt":{"rendered":"<p>Looking for Child Care? There are many factors to consider when selecting child care including location, cost, and whether there are openings for your child. It is also important to <\/p>\n<p><a class=\"btn btn-secondary understrap-read-more-link\" href=\"https:\/\/elcbigbend.org\/es\/parents\/childcare\/\">Leer m\u00e1s&#8230;<\/a><\/p>","protected":false},"author":2,"featured_media":751,"parent":18,"menu_order":1,"comment_status":"closed","ping_status":"closed","template":"page-templates\/page-full.php","meta":{"om_disable_all_campaigns":false,"inline_featured_image":false,"_monsterinsights_skip_tracking":false,"_monsterinsights_sitenote_active":false,"_monsterinsights_sitenote_note":"","_monsterinsights_sitenote_category":0,"_uf_show_specific_survey":0,"_uf_disable_surveys":false,"footnotes":""},"categories":[12],"class_list":["post-89","page","type-page","status-publish","has-post-thumbnail","hentry","category-parents"],"acf":[],"aioseo_notices":[],"_links":{"self":[{"href":"https:\/\/elcbigbend.org\/es\/wp-json\/wp\/v2\/pages\/89","targetHints":{"allow":["GET"]}}],"collection":[{"href":"https:\/\/elcbigbend.org\/es\/wp-json\/wp\/v2\/pages"}],"about":[{"href":"https:\/\/elcbigbend.org\/es\/wp-json\/wp\/v2\/types\/page"}],"author":[{"embeddable":true,"href":"https:\/\/elcbigbend.org\/es\/wp-json\/wp\/v2\/users\/2"}],"replies":[{"embeddable":true,"href":"https:\/\/elcbigbend.org\/es\/wp-json\/wp\/v2\/comments?post=89"}],"version-history":[{"count":33,"href":"https:\/\/elcbigbend.org\/es\/wp-json\/wp\/v2\/pages\/89\/revisions"}],"predecessor-version":[{"id":4344,"href":"https:\/\/elcbigbend.org\/es\/wp-json\/wp\/v2\/pages\/89\/revisions\/4344"}],"up":[{"embeddable":true,"href":"https:\/\/elcbigbend.org\/es\/wp-json\/wp\/v2\/pages\/18"}],"wp:featuredmedia":[{"embeddable":true,"href":"https:\/\/elcbigbend.org\/es\/wp-json\/wp\/v2\/media\/751"}],"wp:attachment":[{"href":"https:\/\/elcbigbend.org\/es\/wp-json\/wp\/v2\/media?parent=89"}],"wp:term":[{"taxonomy":"category","embeddable":true,"href":"https:\/\/elcbigbend.org\/es\/wp-json\/wp\/v2\/categories?post=89"}],"curies":[{"name":"wp","href":"https:\/\/api.w.org\/{rel}","templated":true}]}}