{"id":8,"date":"2021-09-24T08:46:46","date_gmt":"2021-09-24T12:46:46","guid":{"rendered":"http:\/\/elc.local\/?page_id=8"},"modified":"2023-05-18T13:28:31","modified_gmt":"2023-05-18T17:28:31","slug":"about-elc","status":"publish","type":"page","link":"https:\/\/elcbigbend.org\/es\/about-elc\/","title":{"rendered":"Quienes somos"},"content":{"rendered":"<p>La Coalici\u00f3n de Aprendizaje Temprano de la Regi\u00f3n de Big Bend, Inc. (ELC) es una organizaci\u00f3n privada sin fines de lucro que brinda servicios a familias, ni\u00f1os y proveedores de cuidado infantil en los siete condados que comprenden la Regi\u00f3n de Big Bend del norte de Florida: Gadsden, Jefferson, Leon, Liberty, Madison, Taylor y Wakulla.<\/p>\n\n\n\n<p>The ELC works collaboratively with families, their children, and local child care providers to help prepare children for success in school and support families&#8217; ability to work. Through effective caregiver education and professional development for child care professionals, the ELC connects the home and school by sharing critical information and resources on child development and how to best support each child&#8217;s individual growth.<\/p>\n\n\n\n<p>Servicios de apoyo familiar que incluyen programas de asistencia para la matr\u00edcula, servicios de informaci\u00f3n sobre el cuidado de ni\u00f1os y referencias de la comunidad que apoyan el \u00e9xito de cada familia al conectarlos con la informaci\u00f3n y los recursos que necesitan. El ELC trabaja con las familias para conectarlas con opciones de cuidado infantil de calidad y ayudarlas a elegir el programa que mejor se adapte a las necesidades de sus hijos.<\/p>\n\n\n\n<hr class=\"wp-block-separator has-css-opacity\"\/>\n\n\n\n<div class=\"wp-block-columns alignwide is-layout-flex wp-container-core-columns-is-layout-9d6595d7 wp-block-columns-is-layout-flex\">\n<div class=\"wp-block-column is-layout-flow wp-block-column-is-layout-flow\">\n<h1 class=\"wp-block-heading has-text-align-center\">Visi\u00f3n<\/h1>\n\n\n\n<h5 class=\"wp-block-heading has-text-align-center\">Todos los ni\u00f1os est\u00e1n preparados para triunfar en la escuela.<\/h5>\n<\/div>\n\n\n\n<div class=\"wp-block-column is-layout-flow wp-block-column-is-layout-flow\">\n<h1 class=\"wp-block-heading has-text-align-center\"><a><\/a>Misi\u00f3n<\/h1>\n\n\n\n<h5 class=\"wp-block-heading has-text-align-center\">Brindar liderazgo y defensa que construya una comunidad donde todos los ni\u00f1os est\u00e9n preparados para el \u00e9xito en la escuela.<\/h5>\n<\/div>\n<\/div>\n\n\n\n<div class=\"wp-block-columns alignfull panel is-layout-flex wp-container-core-columns-is-layout-9d6595d7 wp-block-columns-is-layout-flex\">\n<div class=\"wp-block-column panel is-layout-flow wp-block-column-is-layout-flow\">\n<h3 class=\"wp-block-heading alignwide\"><strong>Historia del ELC de la regi\u00f3n de Big Bend<\/strong><\/h3>\n\n\n<div class=\"wp-block-image img-right\">\n<figure class=\"alignright size-full\"><img loading=\"lazy\" decoding=\"async\" width=\"399\" height=\"547\" src=\"\/wp-content\/uploads\/2021\/12\/about-elc-2.jpg\" alt=\"\" class=\"wp-image-759\" srcset=\"https:\/\/elcbigbend.org\/wp-content\/uploads\/2021\/12\/about-elc-2.jpg 399w, https:\/\/elcbigbend.org\/wp-content\/uploads\/2021\/12\/about-elc-2-219x300.jpg 219w, https:\/\/elcbigbend.org\/wp-content\/uploads\/2021\/12\/about-elc-2-9x12.jpg 9w\" sizes=\"auto, (max-width: 399px) 100vw, 399px\" \/><\/figure>\n<\/div>\n\n\n<p>Headquartered in Tallahassee, Florida, the ELC proudly serves Gadsden, Jefferson, Leon, Liberty, Madison, Taylor, and Wakulla county. A contracted partner with the State of Florida&#8217;s Division of Early Learning, the ELC is responsible for the administration of the School Readiness and Voluntary Pre-Kindergarten programs.<\/p>\n\n\n\n<p>El ELC comenz\u00f3 a operar como la Coalici\u00f3n de Preparaci\u00f3n Escolar de Le\u00f3n en 2001 como lo requiere la Ley de Preparaci\u00f3n Escolar - F.S. 411.01. En respuesta a los requisitos legislativos, la ELC ha pasado por varias transiciones, fusiones y cambios de nombre, y en 2005 ampli\u00f3 su \u00e1rea de servicio para abarcar los siete condados a los que presta servicios en la actualidad.<\/p>\n\n\n\n<p>Throughout this ELC\u2019s history, the Board and staff have strived to provide a holistic service delivery model that is responsive to the needs of families and communities while maintaining effective and efficient business practices supporting the following primary goals:<\/p>\n\n\n\n<ul class=\"wp-block-list\" type=\"1\">\n<li>Los ni\u00f1os est\u00e1n listos para el \u00e9xito cuando ingresan a la escuela; y<\/li>\n\n\n\n<li>Las familias tienen acceso a la asistencia y los servicios de cuidado infantil de calidad que necesitan.<\/li>\n<\/ul>\n<\/div>\n<\/div>\n\n\n\n<p><a><\/a><\/p>","protected":false},"excerpt":{"rendered":"<p>The Early Learning Coalition of the Big Bend Region, Inc. (ELC) is a private not-for-profit organization that provides services to families, children, and child care providers in the seven counties <\/p>\n<p><a class=\"btn btn-secondary understrap-read-more-link\" href=\"https:\/\/elcbigbend.org\/es\/about-elc\/\">Leer m\u00e1s&#8230;<\/a><\/p>","protected":false},"author":2,"featured_media":777,"parent":0,"menu_order":0,"comment_status":"closed","ping_status":"closed","template":"page-templates\/page-full-width.php","meta":{"om_disable_all_campaigns":false,"inline_featured_image":false,"_monsterinsights_skip_tracking":false,"_monsterinsights_sitenote_active":false,"_monsterinsights_sitenote_note":"","_monsterinsights_sitenote_category":0,"_uf_show_specific_survey":0,"_uf_disable_surveys":false,"footnotes":""},"categories":[],"class_list":["post-8","page","type-page","status-publish","has-post-thumbnail","hentry"],"acf":[],"aioseo_notices":[],"_links":{"self":[{"href":"https:\/\/elcbigbend.org\/es\/wp-json\/wp\/v2\/pages\/8","targetHints":{"allow":["GET"]}}],"collection":[{"href":"https:\/\/elcbigbend.org\/es\/wp-json\/wp\/v2\/pages"}],"about":[{"href":"https:\/\/elcbigbend.org\/es\/wp-json\/wp\/v2\/types\/page"}],"author":[{"embeddable":true,"href":"https:\/\/elcbigbend.org\/es\/wp-json\/wp\/v2\/users\/2"}],"replies":[{"embeddable":true,"href":"https:\/\/elcbigbend.org\/es\/wp-json\/wp\/v2\/comments?post=8"}],"version-history":[{"count":13,"href":"https:\/\/elcbigbend.org\/es\/wp-json\/wp\/v2\/pages\/8\/revisions"}],"predecessor-version":[{"id":2171,"href":"https:\/\/elcbigbend.org\/es\/wp-json\/wp\/v2\/pages\/8\/revisions\/2171"}],"wp:featuredmedia":[{"embeddable":true,"href":"https:\/\/elcbigbend.org\/es\/wp-json\/wp\/v2\/media\/777"}],"wp:attachment":[{"href":"https:\/\/elcbigbend.org\/es\/wp-json\/wp\/v2\/media?parent=8"}],"wp:term":[{"taxonomy":"category","embeddable":true,"href":"https:\/\/elcbigbend.org\/es\/wp-json\/wp\/v2\/categories?post=8"}],"curies":[{"name":"wp","href":"https:\/\/api.w.org\/{rel}","templated":true}]}}