{"id":75,"date":"2021-09-30T06:43:44","date_gmt":"2021-09-30T06:43:44","guid":{"rendered":"http:\/\/elc.local\/?page_id=75"},"modified":"2026-02-09T13:36:56","modified_gmt":"2026-02-09T18:36:56","slug":"board","status":"publish","type":"page","link":"https:\/\/elcbigbend.org\/es\/governance\/board\/","title":{"rendered":"Junta"},"content":{"rendered":"<h4 class=\"wp-block-heading\">Junta Directiva<\/h4>\n\n\n\n<p>El ELC est\u00e1 gobernado por una junta directiva compuesta por representantes de la comunidad. El gobernador nombra al presidente y a otros dos miembros de la junta que deben reunir las mismas calificaciones que los miembros de empresas del sector privado designados por el ELC. El ELC tiene la suerte de tener una junta directiva dedicada y activamente involucrada que est\u00e1 totalmente comprometida con la b\u00fasqueda de una educaci\u00f3n temprana de calidad y el cuidado de nuestros ni\u00f1os para garantizar que est\u00e9n listos para la escuela y para la vida.<\/p>\n\n\n\n<p><\/p>\n\n\n\n<h5 class=\"wp-block-heading has-text-align-center\">Oficiales de la Junta<\/h5>\n\n\n\n<p><\/p>\n\n\n\n<p><\/p>\n\n\n\n<div class=\"wp-block-columns is-layout-flex wp-container-core-columns-is-layout-9d6595d7 wp-block-columns-is-layout-flex\">\n<div class=\"wp-block-column is-layout-flow wp-block-column-is-layout-flow\">\n<p><strong>Board Chair<\/strong><br><\/p>\n\n\n\n<p>Alyssa Beaubien <br>AB Designs<\/p>\n<\/div>\n\n\n\n<div class=\"wp-block-column is-layout-flow wp-block-column-is-layout-flow\">\n<p><strong>Vicepresidente<\/strong>, <strong>Audit Committee Chair<\/strong><br><\/p>\n\n\n\n<p>Millie Tizol<br>Early Education and Care, Inc.<\/p>\n<\/div>\n\n\n\n<div class=\"wp-block-column is-layout-flow wp-block-column-is-layout-flow\">\n<p><strong>Program,&nbsp;Policy<\/strong>,<strong> y presidente del comit\u00e9 de estrategia<\/strong> <br><\/p>\n\n\n\n<p>Sarah Gosselin<br>Ernst &amp; Young, LLP<\/p>\n\n\n\n<p><\/p>\n<\/div>\n\n\n\n<div class=\"wp-block-column is-layout-flow wp-block-column-is-layout-flow\">\n<p><strong>Treasurer and Finance Committee Chair<\/strong><\/p>\n\n\n\n<p>Paul Mitchell<br>The Southern Group <\/p>\n<\/div>\n\n\n\n<div class=\"wp-block-column is-layout-flow wp-block-column-is-layout-flow\">\n<p><strong>Advocacy and Development Committee Chair <br><\/strong><\/p>\n\n\n\n<p>Darrel James,<br>Agencia de Acci\u00f3n Comunitaria del \u00c1rea de la Capital<\/p>\n\n\n\n<p><\/p>\n<\/div>\n<\/div>\n\n\n\n<h5 class=\"wp-block-heading has-text-align-center\">Miembros de la Junta<\/h5>\n\n\n\n<div class=\"wp-block-columns is-layout-flex wp-container-core-columns-is-layout-9d6595d7 wp-block-columns-is-layout-flex\">\n<div class=\"wp-block-column is-layout-flow wp-block-column-is-layout-flow\">\n<p>Maureen O&#8217;Neil<br>Tallahassee Community College<\/p>\n\n\n\n<p>Adrian Cooksey <br>Florida Department of Health, Gadsden<\/p>\n\n\n\n<p>Nathalie Hood<br>Capital Health Plan<\/p>\n\n\n\n<p>Krissie Inserra<br>Ethics &amp; Religious Liberty Commission<\/p>\n\n\n\n<p>Ryan Poole<br>SmartBank<\/p>\n\n\n\n<p>Marsha Durden<br>CareerSource North Florida<\/p>\n\n\n\n<p>Brooke Brunner<br>Escuelas del condado de Leon<\/p>\n\n\n\n<p>Cynthia James<br>James Christian Learning Center<\/p>\n<\/div>\n\n\n\n<div class=\"wp-block-column is-layout-flow wp-block-column-is-layout-flow\">\n<p>Stacey Duggar <br>Killearn Methodist Church<\/p>\n\n\n\n<p>Byron Wade<br>Departamento de Ni\u00f1os y Familias<\/p>\n\n\n\n<p>David Colby Roberts<br>Aucilla Christian Academy<\/p>\n\n\n\n<p>Michael Davis<br>TRM &amp; Florida Department of Health<\/p>\n\n\n\n<p>Kesandra Brown<br>Gadsden County School District<\/p>\n\n\n\n<p>Jackie Pons<br>Jefferson County School District<\/p>\n\n\n\n<p>LeeAnne Case<br>Departamento de Ni\u00f1os y Familias<\/p>\n\n\n\n<p><\/p>\n<\/div>\n<\/div>\n\n\n\n<p><strong>Estatutos<\/strong><\/p>\n\n\n\n<p>La Junta Directiva de ELC opera mediante un conjunto espec\u00edfico de&nbsp;<a href=\"https:\/\/elcbigbend.org\/wp-content\/uploads\/2025\/10\/ELC-Bylaws-2025-.pdf\" title=\"ELC Bylaws 2025\">Estatutos<\/a>&nbsp;que proporcionan el marco de c\u00f3mo la Junta Directiva de ELC gobernar\u00e1 al personal y las operaciones de ELC.<\/p>\n\n\n\n<p><a><\/a><strong>Articulos de incorporaci\u00f3n<\/strong><\/p>\n\n\n\n<p>El&nbsp;<a data-type=\"URL\" data-id=\"\/wp-content\/uploads\/2021\/10\/ArticlesofIncorporationdatedSeptember232014.pdf\" href=\"\/wp-content\/uploads\/2021\/10\/ArticlesofIncorporationdatedSeptember232014.pdf\">Art\u00edculo de incorporaci\u00f3n<\/a>&nbsp;provides the State of Florida and its residents with the purpose and basic structure of the ELC and allows the Coalition to legally operate as a corporation.<\/p>\n\n\n\n<hr class=\"wp-block-separator has-css-opacity\"\/>\n\n\n\n<h4 class=\"wp-block-heading\">Comit\u00e9s de la Junta<\/h4>\n\n\n\n<p>La Junta de ELC actualmente tiene cuatro comit\u00e9s permanentes:<\/p>\n\n\n\n<ol style=\"list-style-type:1\" class=\"wp-block-list\">\n<li><a href=\"\/es\/governance\/executive-committee\/\" data-type=\"page\" data-id=\"258\">Comit\u00e9 Ejecutivo<\/a><\/li>\n\n\n\n<li><a href=\"\/es\/governance\/finance-committee\/\" data-type=\"page\" data-id=\"261\">Comite de finanzas<\/a><\/li>\n\n\n\n<li><a href=\"\/es\/governance\/audit-committee\/\" data-type=\"page\" data-id=\"264\">Comit\u00e9 de Auditor\u00eda<\/a><\/li>\n\n\n\n<li><a href=\"\/es\/program-policy-and-strategy-committee\/\" data-type=\"page\" data-id=\"266\">Comit\u00e9 de Pol\u00edtica y Estrategia del Programa<\/a><\/li>\n\n\n\n<li><a href=\"https:\/\/elcbigbend.org\/es\/governance\/ad-hoc-committee\/\" title=\"\">Advocacy and Development Committee<\/a><\/li>\n<\/ol>\n\n\n\n<p>Each Board Committee operates with a Committee Chair that is appointed at the beginning of the fiscal year. Each committee shall consist of the appointed Chair and a minimum of three (3) additional members. The Committee Chair may appoint community representatives to serve on the Program, Policy, and Strategy Committee. Committees typically meet quarterly. The Board Chair may call for the formation of additional ad-hoc committees as needed.<\/p>\n\n\n\n<hr class=\"wp-block-separator has-css-opacity\"\/>\n\n\n\n<h4 class=\"wp-block-heading\">Vacantes en la Junta<\/h4>\n\n\n\n<p>The Early Learning Coalition of the Big Bend Region, Inc. (ELC) is accepting applications from those interested in joining our Board of Directors. The ELC is a 501c3 not-for-profit organization that focuses on improving early childhood education and assisting eligible working families with paying for the cost of childcare. The ELC board provides strategic direction and fiscal oversight. Applicants can be from one of the (7) seven counties of Big Bend that we serve: Gadsden, Jefferson, Leon, Liberty, Madison, Taylor, or Wakulla. <\/p>\n\n\n\n<p>Quarterly board meetings are convened via Zoom. If you are interested in joining the board or would like more information, please contact Rebecca Gonzalez, Executive Coordinator <a href=\"mailto:at&nbsp;governance@elcbigbend.org.&nbsp;&nbsp;\">at&nbsp;governance@elcbigbend.org.&nbsp;<\/a><\/p>","protected":false},"excerpt":{"rendered":"<p>Board of Directors The ELC is governed by a Board of Directors comprised of community representatives. The Governor appoints the Chair and two other board members who must meet the <\/p>\n<p><a class=\"btn btn-secondary understrap-read-more-link\" href=\"https:\/\/elcbigbend.org\/es\/governance\/board\/\">Leer m\u00e1s&#8230;<\/a><\/p>","protected":false},"author":2,"featured_media":0,"parent":10,"menu_order":1,"comment_status":"closed","ping_status":"closed","template":"page-templates\/page-full-width.php","meta":{"om_disable_all_campaigns":false,"inline_featured_image":false,"_monsterinsights_skip_tracking":false,"_monsterinsights_sitenote_active":false,"_monsterinsights_sitenote_note":"","_monsterinsights_sitenote_category":0,"_uf_show_specific_survey":0,"_uf_disable_surveys":false,"footnotes":""},"categories":[],"class_list":["post-75","page","type-page","status-publish","hentry"],"acf":[],"aioseo_notices":[],"_links":{"self":[{"href":"https:\/\/elcbigbend.org\/es\/wp-json\/wp\/v2\/pages\/75","targetHints":{"allow":["GET"]}}],"collection":[{"href":"https:\/\/elcbigbend.org\/es\/wp-json\/wp\/v2\/pages"}],"about":[{"href":"https:\/\/elcbigbend.org\/es\/wp-json\/wp\/v2\/types\/page"}],"author":[{"embeddable":true,"href":"https:\/\/elcbigbend.org\/es\/wp-json\/wp\/v2\/users\/2"}],"replies":[{"embeddable":true,"href":"https:\/\/elcbigbend.org\/es\/wp-json\/wp\/v2\/comments?post=75"}],"version-history":[{"count":52,"href":"https:\/\/elcbigbend.org\/es\/wp-json\/wp\/v2\/pages\/75\/revisions"}],"predecessor-version":[{"id":4255,"href":"https:\/\/elcbigbend.org\/es\/wp-json\/wp\/v2\/pages\/75\/revisions\/4255"}],"up":[{"embeddable":true,"href":"https:\/\/elcbigbend.org\/es\/wp-json\/wp\/v2\/pages\/10"}],"wp:attachment":[{"href":"https:\/\/elcbigbend.org\/es\/wp-json\/wp\/v2\/media?parent=75"}],"wp:term":[{"taxonomy":"category","embeddable":true,"href":"https:\/\/elcbigbend.org\/es\/wp-json\/wp\/v2\/categories?post=75"}],"curies":[{"name":"wp","href":"https:\/\/api.w.org\/{rel}","templated":true}]}}