{"id":71,"date":"2021-09-30T06:43:04","date_gmt":"2021-09-30T10:43:04","guid":{"rendered":"http:\/\/elc.local\/?page_id=71"},"modified":"2026-03-17T08:27:37","modified_gmt":"2026-03-17T12:27:37","slug":"reports","status":"publish","type":"page","link":"https:\/\/elcbigbend.org\/es\/about-elc\/reports\/","title":{"rendered":"Reports"},"content":{"rendered":"<p><\/p>\n\n\n\n<p>ELC invites you to view our 2024-25 End of Year Video, unveiled at our Q4 Board of Directors meeting.<\/p>\n\n\n\n<figure class=\"wp-block-video\"><video height=\"1080\" style=\"aspect-ratio: 1920 \/ 1080;\" width=\"1920\" controls src=\"https:\/\/elcbigbend.org\/wp-content\/uploads\/2026\/03\/FY-24-25-End-of-Year-Video.mp4\"><\/video><\/figure>\n\n\n\n<h3 class=\"wp-block-heading\"><strong>Reporte anual<\/strong><\/h3>\n\n\n\n<p>Cada a\u00f1o fiscal, el ELC produce un Informe anual que destaca los logros de la Coalici\u00f3n a lo largo del a\u00f1o.&nbsp;<\/p>\n\n\n\n<ul class=\"wp-block-list\">\n<li><a href=\"https:\/\/issuu.com\/elcbigbend\/docs\/elc_fy_23-24_annual_report\" title=\"\">2023-2024 Annual Report<\/a><\/li>\n\n\n\n<li><a href=\"https:\/\/issuu.com\/elcbigbend\/docs\/2022-2023_7_\" title=\"\">2022-2023 Annual Report<\/a><\/li>\n\n\n\n<li><a href=\"https:\/\/issuu.com\/elcbigbend\/docs\/annual_report_2021-22_mhg_edit_3_\">2021-2022 Annual Report<\/a><\/li>\n\n\n\n<li><a href=\"https:\/\/issuu.com\/elcbigbend\/docs\/elc_big_bend_5_\">2020-2021 Annual Report<\/a><\/li>\n<\/ul>\n\n\n\n<h3 class=\"wp-block-heading\"><strong>Informe de auditoria<\/strong><\/h3>\n\n\n\n<p>Cada a\u00f1o fiscal, el ELC est\u00e1 sujeto a una auditor\u00eda externa.<\/p>\n\n\n\n<ul class=\"wp-block-list\">\n<li><a href=\"http:\/\/elcbigbend.org\/wp-content\/uploads\/2023\/04\/FINAL-PDF-OF-ELC-OF-THE-BIG-BEND-REGION.pdf\">2019-2020 Audit Report<\/a><\/li>\n\n\n\n<li><a href=\"\/wp-content\/uploads\/2022\/01\/2018+Early+Learning+Coalition+of+the+Big+Bend+Audit+Package+for+Fiscal+Year+End+June+30+2018.pdf\">Informe de auditor\u00eda 2017-2018<\/a>&nbsp;<\/li>\n\n\n\n<li><a href=\"\/wp-content\/uploads\/2022\/01\/ELCBB+Audit+Package+for+Fiscal+Year+End+June+30+2017.pdf\">Informe de auditor\u00eda 2016-2017<\/a>&nbsp;<\/li>\n\n\n\n<li><a href=\"\/wp-content\/uploads\/2022\/01\/ELC+Big+Bend+Audit+Package+for+Fiscal+Year+End+June+30%2C+2016.pdf\">Informe de auditor\u00eda 2015-2016<\/a>&nbsp;<\/li>\n\n\n\n<li>Informe de auditor\u00eda 2014-2015&nbsp;<\/li>\n\n\n\n<li><a href=\"\/wp-content\/uploads\/2022\/01\/ELC+05-Big+Bend+2013-14+Audit+Report+Package.pdf\">Informe de auditor\u00eda 2013-2014<\/a>&nbsp;<\/li>\n<\/ul>\n\n\n\n<p><\/p>","protected":false},"excerpt":{"rendered":"<p>ELC invites you to view our 2024-25 End of Year Video, unveiled at our Q4 Board of Directors meeting. Annual Report Each fiscal year, the ELC produces an Annual Report <\/p>\n<p><a class=\"btn btn-secondary understrap-read-more-link\" href=\"https:\/\/elcbigbend.org\/es\/about-elc\/reports\/\">Leer m\u00e1s&#8230;<\/a><\/p>","protected":false},"author":2,"featured_media":0,"parent":8,"menu_order":0,"comment_status":"closed","ping_status":"closed","template":"page-templates\/page-full-width.php","meta":{"om_disable_all_campaigns":false,"inline_featured_image":false,"_monsterinsights_skip_tracking":false,"_monsterinsights_sitenote_active":false,"_monsterinsights_sitenote_note":"","_monsterinsights_sitenote_category":0,"_uf_show_specific_survey":0,"_uf_disable_surveys":false,"footnotes":""},"categories":[],"class_list":["post-71","page","type-page","status-publish","hentry"],"acf":[],"aioseo_notices":[],"_links":{"self":[{"href":"https:\/\/elcbigbend.org\/es\/wp-json\/wp\/v2\/pages\/71","targetHints":{"allow":["GET"]}}],"collection":[{"href":"https:\/\/elcbigbend.org\/es\/wp-json\/wp\/v2\/pages"}],"about":[{"href":"https:\/\/elcbigbend.org\/es\/wp-json\/wp\/v2\/types\/page"}],"author":[{"embeddable":true,"href":"https:\/\/elcbigbend.org\/es\/wp-json\/wp\/v2\/users\/2"}],"replies":[{"embeddable":true,"href":"https:\/\/elcbigbend.org\/es\/wp-json\/wp\/v2\/comments?post=71"}],"version-history":[{"count":8,"href":"https:\/\/elcbigbend.org\/es\/wp-json\/wp\/v2\/pages\/71\/revisions"}],"predecessor-version":[{"id":4328,"href":"https:\/\/elcbigbend.org\/es\/wp-json\/wp\/v2\/pages\/71\/revisions\/4328"}],"up":[{"embeddable":true,"href":"https:\/\/elcbigbend.org\/es\/wp-json\/wp\/v2\/pages\/8"}],"wp:attachment":[{"href":"https:\/\/elcbigbend.org\/es\/wp-json\/wp\/v2\/media?parent=71"}],"wp:term":[{"taxonomy":"category","embeddable":true,"href":"https:\/\/elcbigbend.org\/es\/wp-json\/wp\/v2\/categories?post=71"}],"curies":[{"name":"wp","href":"https:\/\/api.w.org\/{rel}","templated":true}]}}