{"id":69,"date":"2026-02-13T16:32:00","date_gmt":"2026-02-13T21:32:00","guid":{"rendered":"http:\/\/elc.local\/?page_id=69"},"modified":"2026-03-31T23:38:18","modified_gmt":"2026-04-01T03:38:18","slug":"careers","status":"publish","type":"page","link":"https:\/\/elcbigbend.org\/es\/about-elc\/careers\/","title":{"rendered":"Careers and Internships"},"content":{"rendered":"<p>\u00a1La Coalici\u00f3n de Aprendizaje Temprano de Big Bend (ELC) est\u00e1 entusiasmada con su inter\u00e9s en unirse a nuestro equipo! Como organizaci\u00f3n cuyos objetivos principales son garantizar que los ni\u00f1os est\u00e9n listos para el \u00e9xito cuando ingresen a la escuela y que las familias tengan acceso a los servicios de cuidado infantil de calidad y a la asistencia que necesitan, siempre estamos buscando candidatos que quieran hacer una diferencia en las vidas de los habitantes de Florida. ni\u00f1os y familias.<\/p>\n\n\n\n<p><\/p>\n\n\n\n<p>\u00a1Gracias nuevamente por su inter\u00e9s en unirse a nuestro equipo y ser parte del \u00e9xito de un ni\u00f1o!<\/p>\n\n\n\t\t\t<\/div>\n\t\t<\/div>\n\t<\/div>\n<\/div>\n\n<div class=\"listings\">\n  <div class=\"container\">\n    <div class=\"row justify-content-center align-items-center\">\n      <div class=\"col-12 col-md-8\">\n\n\t\t\t\t\n\t\t\t\t\t<div class=\"list-item\">\n\t\t\t\t\t\t<div class=\"item\"><a href=\"https:\/\/elcbigbend.org\/es\/employment\/provider-monitoring-associate-temporary\/\"><strong>Provider Monitoring Associate (Temporary)<em>40,000 a year<\/em><\/strong><span class=\"material-icons-outlined\">este<\/span><\/div><\/a>\t\t\t\t\t<\/div>\n\n\t\t\t\t\n\t\t\t\t\t<div class=\"list-item\">\n\t\t\t\t\t\t<div class=\"item\"><a href=\"https:\/\/elcbigbend.org\/es\/employment\/community-relations-specialist-2\/\"><strong>Community Relations Specialist<em>$40,000  a year<\/em><\/strong><span class=\"material-icons-outlined\">este<\/span><\/div><\/a>\t\t\t\t\t<\/div>\n\n\t\t\t\t\n\t\t\t\t\t<div class=\"list-item\">\n\t\t\t\t\t\t<div class=\"item\"><a href=\"https:\/\/elcbigbend.org\/es\/employment\/early-care-and-education-specialist\/\"><strong>Especialista en educaci\u00f3n y cuidado infantil<em>$40,000 a year<\/em><\/strong><span class=\"material-icons-outlined\">este<\/span><\/div><\/a>\t\t\t\t\t<\/div>\n\n\t\t\t\t\n\t\t\t\t\t<div class=\"list-item\">\n\t\t\t\t\t\t<div class=\"item\"><a href=\"https:\/\/elcbigbend.org\/es\/employment\/family-services-manager\/\"><strong>Family Services Specialist<em>$40,000 a year<\/em><\/strong><span class=\"material-icons-outlined\">este<\/span><\/div><\/a>\t\t\t\t\t<\/div>\n\n\t\t\t\t\n\t\t\t\t\t<div class=\"list-item\">\n\t\t\t\t\t\t<div class=\"item\"><a href=\"https:\/\/elcbigbend.org\/es\/employment\/human-resources-generalist\/\"><strong>Human Resources Generalist<em> a year<\/em><\/strong><span class=\"material-icons-outlined\">este<\/span><\/div><\/a>\t\t\t\t\t<\/div>\n\n\t\t\t\t\n\t\t\t\t\t<div class=\"list-item\">\n\t\t\t\t\t\t<div class=\"item\"><a href=\"https:\/\/elcbigbend.org\/es\/employment\/provider-relations-manager\/\"><strong>Gerente de Relaciones con Proveedores<em>$53,000-$57,000 a year<\/em><\/strong><span class=\"material-icons-outlined\">este<\/span><\/div><\/a>\t\t\t\t\t<\/div>\n\n\t\t\t\t\n      <\/div>\n    <\/div>\n  <\/div>\n<\/div>\n\n<div class=\"page-full\">\n  <div class=\"container\">\n    <div class=\"row justify-content-center align-items-center\">\n      <div class=\"col-12 col-md-8\">\n\n\n\n\n<p><em>El ELC mantiene y aplica un programa de lugar de trabajo libre de drogas. Como parte de este programa, es posible que los solicitantes deban someterse a una prueba de detecci\u00f3n de drogas y \/ o alcohol. Se requiere una verificaci\u00f3n de referencias de empleo y una investigaci\u00f3n de antecedentes penales locales y estatales como condici\u00f3n para el empleo.<\/em><\/p>\n\n\n\n<p><em>El ELC es un empleador que ofrece igualdad de oportunidades y no discrimina a los solicitantes calificados por motivos de raza, color, edad, sexo, religi\u00f3n, discapacidad, nacionalidad, condici\u00f3n de veterano o cualquier otra condici\u00f3n protegida por la ley local, estatal o federal. De acuerdo con la Ley de Estadounidenses con Discapacidades, los solicitantes que necesiten una adaptaci\u00f3n para participar en el proceso de solicitud o entrevista deben solicitar una al enviar una solicitud.<\/em><\/p>","protected":false},"excerpt":{"rendered":"<p>The Early Learning Coalition of the Big Bend (ELC) is excited about your interest in joining our team! As an organization whose main goals are to ensure that children are <\/p>\n<p><a class=\"btn btn-secondary understrap-read-more-link\" href=\"https:\/\/elcbigbend.org\/es\/about-elc\/careers\/\">Leer m\u00e1s&#8230;<\/a><\/p>","protected":false},"author":2,"featured_media":0,"parent":8,"menu_order":0,"comment_status":"closed","ping_status":"closed","template":"page-templates\/page-employment.php","meta":{"om_disable_all_campaigns":false,"inline_featured_image":false,"_monsterinsights_skip_tracking":false,"_monsterinsights_sitenote_active":false,"_monsterinsights_sitenote_note":"","_monsterinsights_sitenote_category":0,"_uf_show_specific_survey":0,"_uf_disable_surveys":false,"footnotes":""},"categories":[],"class_list":["post-69","page","type-page","status-publish","hentry"],"acf":[],"aioseo_notices":[],"_links":{"self":[{"href":"https:\/\/elcbigbend.org\/es\/wp-json\/wp\/v2\/pages\/69","targetHints":{"allow":["GET"]}}],"collection":[{"href":"https:\/\/elcbigbend.org\/es\/wp-json\/wp\/v2\/pages"}],"about":[{"href":"https:\/\/elcbigbend.org\/es\/wp-json\/wp\/v2\/types\/page"}],"author":[{"embeddable":true,"href":"https:\/\/elcbigbend.org\/es\/wp-json\/wp\/v2\/users\/2"}],"replies":[{"embeddable":true,"href":"https:\/\/elcbigbend.org\/es\/wp-json\/wp\/v2\/comments?post=69"}],"version-history":[{"count":183,"href":"https:\/\/elcbigbend.org\/es\/wp-json\/wp\/v2\/pages\/69\/revisions"}],"predecessor-version":[{"id":4368,"href":"https:\/\/elcbigbend.org\/es\/wp-json\/wp\/v2\/pages\/69\/revisions\/4368"}],"up":[{"embeddable":true,"href":"https:\/\/elcbigbend.org\/es\/wp-json\/wp\/v2\/pages\/8"}],"wp:attachment":[{"href":"https:\/\/elcbigbend.org\/es\/wp-json\/wp\/v2\/media?parent=69"}],"wp:term":[{"taxonomy":"category","embeddable":true,"href":"https:\/\/elcbigbend.org\/es\/wp-json\/wp\/v2\/categories?post=69"}],"curies":[{"name":"wp","href":"https:\/\/api.w.org\/{rel}","templated":true}]}}