{"id":48,"date":"2021-09-24T11:19:33","date_gmt":"2021-09-24T11:19:33","guid":{"rendered":"http:\/\/elc.local\/?page_id=48"},"modified":"2026-02-10T10:14:22","modified_gmt":"2026-02-10T15:14:22","slug":"home","status":"publish","type":"page","link":"https:\/\/elcbigbend.org\/es\/","title":{"rendered":"Casa"},"content":{"rendered":"<div class=\"wp-block-columns is-layout-flex wp-container-core-columns-is-layout-9d6595d7 wp-block-columns-is-layout-flex\">\n<div class=\"wp-block-column is-layout-flow wp-block-column-is-layout-flow\"><\/div>\n<\/div>\n\n\n\n<div class=\"hero-default\">\n    <div class=\"hero-content container-max\">\n      \n\t\t\t    <\/div>\n\n\n      <div class=\"hero-video\">\n\t\t<div class=\"video-vimeo\">\n\t\t\t<iframe src=\"https:\/\/player.vimeo.com\/video\/668273861?background=1\" frameborder=\"0\" allow=\"autoplay; fullscreen\" allowfullscreen><\/iframe>\n\t\t<\/div>\t\n    <\/div>\n  <\/div>\n\n\n<div class=\"wp-block-columns is-layout-flex wp-container-core-columns-is-layout-9d6595d7 wp-block-columns-is-layout-flex\"><\/div>\n\n\n\n<div class=\"custom-search\">\n\t<div class=\"container-fluid\">\n\t\t<div class=\"row justify-content-center align-items-center text-center\">\n\n\t\t\t<div class=\"col-12 col-md-5 item parents\"><div class=\"select2-parents-container\"><label for=\"select2SearchParents\">Padres y tutores<\/label><select id=\"select2SearchParents\"><option value=\"\" selected hidden>Yo quiero\u2026<\/option><\/select><\/div>\n<\/div><div class=\"col-12 col-md-7 item providers\"><div class=\"select2-provider-container\"><label for=\"select2SearchProviders\">Proveedores<\/label><select id=\"select2SearchProviders\"><option value=\"\" selected hidden>Yo quiero\u2026<\/option><\/select><\/div>\n<\/div>\n\t\t<\/div>\n\t<\/div>\n<\/div>\n\n\n<hr class=\"wp-block-separator has-css-opacity\"\/>\n\n\n\n<div data-aos=\"fade-up\" data-aos-duration=\"800\" class=\"impulse\">\n\t<div class=\"container-fluid\">\n\t\t<div class=\"row justify-content-center align-items-center\">\n\n\t\t\n\t\t<div class=\"col-12 col-md-3 item\">\n\t\t\t<div class=\"item-wrap\">\n\n\t\t\t\t<div class=\"icon-wrap\">\n\t\t\t\t\t<a href=\"\/es\/community\/ccrr\/customer-intake-form\/\" title=\"Child Care Resource &#038; Referral Intake Form \">\n\t\t\t\t\t<img loading=\"lazy\" decoding=\"async\" width=\"1\" height=\"1\" src=\"https:\/\/elcbigbend.org\/wp-content\/uploads\/2021\/10\/icon-slide.svg\" class=\"attachment-full size-full\" alt=\"Slide Icon\" \/>\t\t\t\t\t<\/a>\n\t\t\t\t<\/div>\n\n\t\t\t\t<h3><a href=\"\/es\/community\/ccrr\/customer-intake-form\/\" title=\"Child Care Resource &#038; Referral Intake Form \">Child Care Resource &#038; Referral Intake Form <\/a><\/h3>\t\t\t\t\n\t\t\t<\/div>\n\t\t<\/div>\n\n\t\t\n\t\t<div class=\"col-12 col-md-3 item\">\n\t\t\t<div class=\"item-wrap\">\n\n\t\t\t\t<div class=\"icon-wrap\">\n\t\t\t\t\t<a href=\"https:\/\/floridasso.b2clogin.com\/floridasso.onmicrosoft.com\/b2c_1a_demo\/oauth2\/v2.0\/authorize?client_id=315d1dc2-fffe-46c2-ab0d-763ed0ebb0ff&#038;redirect_uri=https%3A%2F%2Fproviderservices.floridaearlylearning.com&#038;response_type=code&#038;scope=openid%20profile%20offline_access%20315d1dc2-fffe-46c2-ab0d-763ed0ebb0ff&#038;code_challenge=JWPtEPAWl7EmmMQGn5ralSt4BFcZkdjdf4scb8pewpw&#038;code_challenge_method=S256&#038;state=OpenIdConnect.AuthenticationProperties%3DVWKpjbWXTR5qJ-UXMHGrVrq4fr40GHp4mcQTthEwVC_QvzALguIgCtM25uBDO0QbYLDeXCka33fHCxq4BfrEtexZWta0EeXvRbPR0zMLHLGV25UxwynrndmrzR43xp-zOW8Uu5w-my2ADIbt5t3I3LmWaciPiPAulyjMjr83RNVg5atToqkRi4xCBWWZQUnOuG8ZdvmuVizObZtFzynRMaykKR7TIzau0LFtWnlGz3Ru1iYPBlMEp7jTVfYL8Goe5Hu-_di2SAE4LuIkxmhCeNS4l80W-568gUcUBYEWEgdRto6bRyY9ZAJRuI8-BIdvfmYSA2EwTVy27u3TnV14UCxaz4xi5mzn1Bf2UhoE3JU&#038;response_mode=form_post&#038;nonce=638820628046732991.N2NlYzc3NjAtOTQ1My00ZWJjLTg4MzgtMzk1OWQ0MDIxZDFkZTQxY2ExZWEtMjM2ZC00YTdjLTllYmYtNzQ4YzAxMTViNDk1&#038;x-client-SKU=ID_NET472&#038;x-client-ver=7.3.1.0\" title=\"Portal de proveedores\">\n\t\t\t\t\t<img loading=\"lazy\" decoding=\"async\" width=\"1\" height=\"1\" src=\"https:\/\/elcbigbend.org\/wp-content\/uploads\/2021\/10\/icon-lock.svg\" class=\"attachment-full size-full\" alt=\"Lock Icon\" \/>\t\t\t\t\t<\/a>\n\t\t\t\t<\/div>\n\n\t\t\t\t<h3><a href=\"https:\/\/floridasso.b2clogin.com\/floridasso.onmicrosoft.com\/b2c_1a_demo\/oauth2\/v2.0\/authorize?client_id=315d1dc2-fffe-46c2-ab0d-763ed0ebb0ff&#038;redirect_uri=https%3A%2F%2Fproviderservices.floridaearlylearning.com&#038;response_type=code&#038;scope=openid%20profile%20offline_access%20315d1dc2-fffe-46c2-ab0d-763ed0ebb0ff&#038;code_challenge=JWPtEPAWl7EmmMQGn5ralSt4BFcZkdjdf4scb8pewpw&#038;code_challenge_method=S256&#038;state=OpenIdConnect.AuthenticationProperties%3DVWKpjbWXTR5qJ-UXMHGrVrq4fr40GHp4mcQTthEwVC_QvzALguIgCtM25uBDO0QbYLDeXCka33fHCxq4BfrEtexZWta0EeXvRbPR0zMLHLGV25UxwynrndmrzR43xp-zOW8Uu5w-my2ADIbt5t3I3LmWaciPiPAulyjMjr83RNVg5atToqkRi4xCBWWZQUnOuG8ZdvmuVizObZtFzynRMaykKR7TIzau0LFtWnlGz3Ru1iYPBlMEp7jTVfYL8Goe5Hu-_di2SAE4LuIkxmhCeNS4l80W-568gUcUBYEWEgdRto6bRyY9ZAJRuI8-BIdvfmYSA2EwTVy27u3TnV14UCxaz4xi5mzn1Bf2UhoE3JU&#038;response_mode=form_post&#038;nonce=638820628046732991.N2NlYzc3NjAtOTQ1My00ZWJjLTg4MzgtMzk1OWQ0MDIxZDFkZTQxY2ExZWEtMjM2ZC00YTdjLTllYmYtNzQ4YzAxMTViNDk1&#038;x-client-SKU=ID_NET472&#038;x-client-ver=7.3.1.0\" title=\"Portal de proveedores\">Portal de proveedores<\/a><\/h3>\t\t\t\t\n\t\t\t<\/div>\n\t\t<\/div>\n\n\t\t\n\t\t<div class=\"col-12 col-md-3 item\">\n\t\t\t<div class=\"item-wrap\">\n\n\t\t\t\t<div class=\"icon-wrap\">\n\t\t\t\t\t<a href=\"https:\/\/familyservices.floridaearlylearning.com\/\" title=\"Solicite asistencia para el cuidado infantil\">\n\t\t\t\t\t<img loading=\"lazy\" decoding=\"async\" width=\"1\" height=\"1\" src=\"https:\/\/elcbigbend.org\/wp-content\/uploads\/2021\/10\/icon-form.svg\" class=\"attachment-full size-full\" alt=\"Form Icon\" \/>\t\t\t\t\t<\/a>\n\t\t\t\t<\/div>\n\n\t\t\t\t<h3><a href=\"https:\/\/familyservices.floridaearlylearning.com\/\" title=\"Solicite asistencia para el cuidado infantil\">Solicite asistencia para el cuidado infantil<\/a><\/h3>\t\t\t\t\n\t\t\t<\/div>\n\t\t<\/div>\n\n\t\t\n\t\t<\/div>\n\t<\/div>\n<\/div>\n\n\n\n\n<div class=\"wp-block-buttons is-layout-flex wp-block-buttons-is-layout-flex\"><\/div>\n\n\n\n<h2 class=\"wp-block-heading\">What is Child Care Resource and Referral?<\/h2>\n\n\n\n<div class=\"wp-block-columns is-layout-flex wp-container-core-columns-is-layout-9d6595d7 wp-block-columns-is-layout-flex\">\n<div class=\"wp-block-column is-layout-flow wp-block-column-is-layout-flow\">\n<p>Child Care Resource and Referral (CCR&amp;R) services are free to all families who live, work, or plan to relocate to the Big Bend Region. CCR&amp;R is an informational program that provides access to quality child care providers, partnerships, and community resources. Additionally, ELC supports potential and current child care providers with information on starting a child care business or enhancing your program. There is no charge for our services to families or providers. The Coalition offers referrals, not recommendations. <\/p>\n\n\n\n<p>CCR&amp;R is available from 8am &#8211; 6pm Monday thru Thursday, 8am &#8211; noon Fridays by calling 1-866-973-9030 or emailing&nbsp;<a href=\"mailto:ccrr@elcbigbend.org\">ccrr@elcbigbend.org<\/a>. You can submit a CCR&amp;R intake form 24\/7 by <a href=\"https:\/\/form.jotform.com\/212794084305052\">haciendo clic aqu\u00ed<\/a>. <\/p>\n\n\n\n<p>All families receiving Child Care Resource and Referral services will be contacted to complete a voluntary survey to gauge your customer service experience with our office. All responses are anonymous and confidential and will not affect your services.<\/p>\n<\/div>\n<\/div>\n\n\n\n<div data-aos=\"fade-up\" data-aos-duration=\"800\" class=\"blurb-left\" style=\"background-image:url(https:\/\/elcbigbend.org\/wp-content\/uploads\/2021\/10\/homepage-mother-child.jpg);\">\n\t<div class=\"container\">\n\n\t\t<div class=\"row justify-content-start align-items-center info\">\n\n\t\t\t\t\t\t<div class=\"col-12 col-md-4\">\n\t\t\t\t<p>The Early Learning Coalition of the Big Bend Region (ELC) is a private not-for-profit organization that provides services to families, children, and child care providers in the seven counties that comprise northern Florida\u2019s Big Bend Region: Gadsden, Jefferson, Leon, Liberty, Madison, Taylor, and Wakulla.<\/p>\n<p><em>Haga clic en el mapa a continuaci\u00f3n para obtener m\u00e1s informaci\u00f3n sobre el condado que le interesa.<\/em><\/p>\n\n<img decoding=\"async\" src=\"https:\/\/elcbigbend.org\/wp-content\/themes\/elc\/global-templates\/map\/counties.svg\" style=\"width: 400px;\" class=\"img-fluid\" usemap=\"#counties\" alt=\"Big Bend Tallahassee Map\" \/>\n\n<map name=\"counties\">\n<area shape=\"poly\" coords=\"63,3,50,24,77,52,102,77,153,56,173,13\" href=\"\/contact\/locations-and-hours\/#Gadsden\" alt=\"Gadsden\" title=\"Gadsden\" \/>\n<area shape=\"poly\" coords=\"50,26,76,58,99,78,85,100,114,161,25,164,4,147,11,113,38,37\" href=\"\/contact\/locations-and-hours\/#Liberty\" alt=\"Liberty\" title=\"Libertad\" \/>\n<area shape=\"poly\" coords=\"91,95,216,103,215,144,159,169,118,162,99,127\" href=\"\/contact\/locations-and-hours\/#Wakulla\" alt=\"Wakulla\" title=\"Wakulla\" \/>\n<area shape=\"poly\" coords=\"175,12,231,16,235,46,222,48,216,69,217,102,183,97,93,93,102,74,152,58,167,30\" href=\"\/contact\/locations-and-hours\/#Leon\" alt=\"Leon\" title=\"Le\u00f3n\" \/>\n<area shape=\"poly\" coords=\"217,143,218,68,236,49,235,17,310,24,304,42,288,57,286,70,274,83,270,97,247,112,232,141\" href=\"\/contact\/locations-and-hours\/#Jefferson\" alt=\"Jefferson\" title=\"Jefferson\" \/>\n<area shape=\"poly\" coords=\"315,22,377,29,394,83,382,109,337,108,337,97,275,97,290,69,294,48,317,36\" href=\"\/contact\/locations-and-hours\/#Madison\" alt=\"Madison\" title=\"Madison\" \/>\n<area shape=\"poly\" coords=\"355,242,313,225,271,170,234,144,256,108,272,98,336,100,336,111,357,111,363,208\" href=\"\/contact\/locations-and-hours\/#Taylor\" alt=\"Taylor\" title=\"Taylor\" \/>\n<\/map>\t\t\t<\/div>\n\t\t\t\n\t\t<\/div>\n\n\t<\/div>\n<\/div>\n\n\n\n<div data-aos=\"fade-up\" data-aos-duration=\"800\" class=\"counters\">\n\t<div class=\"container\">\n\n\t\t<h3 class=\"text-center\" id=\"counter-title\">2024-2025 Impact<\/h3>\n\t\t<div class=\"row justify-content-start align-items-center\">\n\n\t\t\t\t\t<div class=\"col-6 col-md item\">\n\t\t\t\t<div class=\"counter-item text-center\" style=\"background-color:#0b9444\">\n\t\t\t\t\t<h3 id=\"counter-1\">31.2<\/h3><h5 class=\"mb-0\">Inversi\u00f3n econ\u00f3mica en educaci\u00f3n temprana de calidad<\/h5>\t\t\t\t<\/div>\n\t\t\t<\/div>\n\n\t\t\t\t\t<div class=\"col-6 col-md item\">\n\t\t\t\t<div class=\"counter-item text-center\" style=\"background-color:#f7941e\">\n\t\t\t\t\t<h3 id=\"counter-2\">2660<\/h3><h5 class=\"mb-0\">Ni\u00f1os inscritos en VPK<\/h5>\t\t\t\t<\/div>\n\t\t\t<\/div>\n\n\t\t\t\t\t<div class=\"col-6 col-md item\">\n\t\t\t\t<div class=\"counter-item text-center\" style=\"background-color:#1898a8\">\n\t\t\t\t\t<h3 id=\"counter-3\">6122<\/h3><h5 class=\"mb-0\">Ni\u00f1os inscritos en preparaci\u00f3n escolar<\/h5>\t\t\t\t<\/div>\n\t\t\t<\/div>\n\n\t\t\t\t\t<div class=\"col-6 col-md item\">\n\t\t\t\t<div class=\"counter-item text-center\" style=\"background-color:#f1592a\">\n\t\t\t\t\t<h3 id=\"counter-4\">263<\/h3><h5 class=\"mb-0\">Proveedores de cuidado infantil contratados<\/h5>\t\t\t\t<\/div>\n\t\t\t<\/div>\n\n\t\t\t\t\t<div class=\"col-6 col-md item\">\n\t\t\t\t<div class=\"counter-item text-center\" style=\"background-color:#46449d\">\n\t\t\t\t\t<h3 id=\"counter-5\">3451<\/h3><h5 class=\"mb-0\">Libros distribuidos para apoyar la alfabetizaci\u00f3n<\/h5>\t\t\t\t<\/div>\n\t\t\t<\/div>\n\n\t\t\n\t\t<\/div>\n\t<\/div>\n<\/div>","protected":false},"excerpt":{"rendered":"<p>What is Child Care Resource and Referral? Child Care Resource and Referral (CCR&amp;R) services are free to all families who live, work, or plan to relocate to the Big Bend <\/p>\n<p><a class=\"btn btn-secondary understrap-read-more-link\" href=\"https:\/\/elcbigbend.org\/es\/\">Leer m\u00e1s&#8230;<\/a><\/p>","protected":false},"author":2,"featured_media":0,"parent":0,"menu_order":0,"comment_status":"closed","ping_status":"closed","template":"","meta":{"om_disable_all_campaigns":false,"inline_featured_image":false,"_monsterinsights_skip_tracking":false,"_monsterinsights_sitenote_active":false,"_monsterinsights_sitenote_note":"","_monsterinsights_sitenote_category":0,"_uf_show_specific_survey":0,"_uf_disable_surveys":false,"footnotes":""},"categories":[],"class_list":["post-48","page","type-page","status-publish","hentry"],"acf":[],"aioseo_notices":[],"_links":{"self":[{"href":"https:\/\/elcbigbend.org\/es\/wp-json\/wp\/v2\/pages\/48","targetHints":{"allow":["GET"]}}],"collection":[{"href":"https:\/\/elcbigbend.org\/es\/wp-json\/wp\/v2\/pages"}],"about":[{"href":"https:\/\/elcbigbend.org\/es\/wp-json\/wp\/v2\/types\/page"}],"author":[{"embeddable":true,"href":"https:\/\/elcbigbend.org\/es\/wp-json\/wp\/v2\/users\/2"}],"replies":[{"embeddable":true,"href":"https:\/\/elcbigbend.org\/es\/wp-json\/wp\/v2\/comments?post=48"}],"version-history":[{"count":120,"href":"https:\/\/elcbigbend.org\/es\/wp-json\/wp\/v2\/pages\/48\/revisions"}],"predecessor-version":[{"id":4268,"href":"https:\/\/elcbigbend.org\/es\/wp-json\/wp\/v2\/pages\/48\/revisions\/4268"}],"wp:attachment":[{"href":"https:\/\/elcbigbend.org\/es\/wp-json\/wp\/v2\/media?parent=48"}],"wp:term":[{"taxonomy":"category","embeddable":true,"href":"https:\/\/elcbigbend.org\/es\/wp-json\/wp\/v2\/categories?post=48"}],"curies":[{"name":"wp","href":"https:\/\/api.w.org\/{rel}","templated":true}]}}