{"id":462,"date":"2021-10-15T01:02:41","date_gmt":"2021-10-15T01:02:41","guid":{"rendered":"https:\/\/elc.local\/?page_id=462"},"modified":"2025-09-08T15:55:13","modified_gmt":"2025-09-08T19:55:13","slug":"program-policy-and-strategy-committee","status":"publish","type":"page","link":"https:\/\/elcbigbend.org\/es\/governance\/program-policy-and-strategy-committee\/","title":{"rendered":"Program, Policy, and Strategy Committee"},"content":{"rendered":"<div class=\"wp-block-columns is-layout-flex wp-container-core-columns-is-layout-9d6595d7 wp-block-columns-is-layout-flex\">\n<div class=\"wp-block-column is-layout-flow wp-block-column-is-layout-flow\" style=\"flex-basis:66.66%\">\n<h5 class=\"wp-block-heading\">Miembros del comit\u00e9<\/h5>\n\n\n\n<ul class=\"wp-block-list\">\n<li>Sarah Gosselin, Chair<\/li>\n\n\n\n<li>Maureen O&#8217;Neil<\/li>\n\n\n\n<li>Stacey Duggar<\/li>\n\n\n\n<li>Adrian Cooksey<\/li>\n\n\n\n<li>Byron Wade<\/li>\n<\/ul>\n\n\n\n<h5 class=\"wp-block-heading\">El Comit\u00e9 de Pol\u00edtica y Estrategia del Programa es responsable de:<\/h5>\n\n\n\n<ul class=\"wp-block-list\">\n<li>Evaluar programas y servicios;<\/li>\n\n\n\n<li>Formular estrategias para la mejora o los cambios necesarios en los planes y actividades;<\/li>\n\n\n\n<li>Hacer recomendaciones de pol\u00edticas para mejorar la calidad de los servicios de aprendizaje temprano;<\/li>\n\n\n\n<li>Facilitar las relaciones de cooperaci\u00f3n con los socios de la comunidad, asegurando la implementaci\u00f3n de objetivos y actividades comunes;<\/li>\n\n\n\n<li>Revisar, proporcionar comentarios y recomendar la aprobaci\u00f3n del plan de la Coalici\u00f3n seg\u00fan sea necesario.<\/li>\n<\/ul>\n\n\n\n<h5 class=\"wp-block-heading\">Minutos<\/h5>\n\n\n\n<p>Se mantienen actas de todas las reuniones del Comit\u00e9 de Pol\u00edtica y Estrategia del Programa y est\u00e1n disponibles para el p\u00fablico, previa solicitud.<\/p>\n<\/div>\n\n\n\n<div class=\"wp-block-column is-layout-flow wp-block-column-is-layout-flow\" style=\"flex-basis:33.33%\">\n<h5 class=\"wp-block-heading\">pr\u00f3ximas reuniones<\/h5>\n<\/div>\n<\/div>","protected":false},"excerpt":{"rendered":"<p>Committee Members The Program Policy and Strategy Committee is responsible for: Minutes Minutes are kept for all Program Policy and Strategy Committee meetings and are available to the public, upon <\/p>\n<p><a class=\"btn btn-secondary understrap-read-more-link\" href=\"https:\/\/elcbigbend.org\/es\/governance\/program-policy-and-strategy-committee\/\">Leer m\u00e1s&#8230;<\/a><\/p>","protected":false},"author":2,"featured_media":0,"parent":10,"menu_order":0,"comment_status":"closed","ping_status":"closed","template":"page-templates\/page-full-width.php","meta":{"om_disable_all_campaigns":false,"inline_featured_image":false,"_monsterinsights_skip_tracking":false,"_monsterinsights_sitenote_active":false,"_monsterinsights_sitenote_note":"","_monsterinsights_sitenote_category":0,"_uf_show_specific_survey":0,"_uf_disable_surveys":false,"footnotes":""},"categories":[],"class_list":["post-462","page","type-page","status-publish","hentry"],"acf":[],"aioseo_notices":[],"_links":{"self":[{"href":"https:\/\/elcbigbend.org\/es\/wp-json\/wp\/v2\/pages\/462","targetHints":{"allow":["GET"]}}],"collection":[{"href":"https:\/\/elcbigbend.org\/es\/wp-json\/wp\/v2\/pages"}],"about":[{"href":"https:\/\/elcbigbend.org\/es\/wp-json\/wp\/v2\/types\/page"}],"author":[{"embeddable":true,"href":"https:\/\/elcbigbend.org\/es\/wp-json\/wp\/v2\/users\/2"}],"replies":[{"embeddable":true,"href":"https:\/\/elcbigbend.org\/es\/wp-json\/wp\/v2\/comments?post=462"}],"version-history":[{"count":9,"href":"https:\/\/elcbigbend.org\/es\/wp-json\/wp\/v2\/pages\/462\/revisions"}],"predecessor-version":[{"id":3984,"href":"https:\/\/elcbigbend.org\/es\/wp-json\/wp\/v2\/pages\/462\/revisions\/3984"}],"up":[{"embeddable":true,"href":"https:\/\/elcbigbend.org\/es\/wp-json\/wp\/v2\/pages\/10"}],"wp:attachment":[{"href":"https:\/\/elcbigbend.org\/es\/wp-json\/wp\/v2\/media?parent=462"}],"wp:term":[{"taxonomy":"category","embeddable":true,"href":"https:\/\/elcbigbend.org\/es\/wp-json\/wp\/v2\/categories?post=462"}],"curies":[{"name":"wp","href":"https:\/\/api.w.org\/{rel}","templated":true}]}}