{"id":442,"date":"2021-10-14T19:44:50","date_gmt":"2021-10-14T19:44:50","guid":{"rendered":"https:\/\/elc.local\/?page_id=442"},"modified":"2022-09-14T23:31:55","modified_gmt":"2022-09-15T03:31:55","slug":"vpk","status":"publish","type":"page","link":"https:\/\/elcbigbend.org\/es\/providers\/programs\/vpk\/","title":{"rendered":"VPK"},"content":{"rendered":"<div class=\"wp-block-columns is-layout-flex wp-container-core-columns-is-layout-9d6595d7 wp-block-columns-is-layout-flex\">\n<div class=\"wp-block-column is-layout-flow wp-block-column-is-layout-flow\">\n<figure class=\"wp-block-image size-full is-resized\"><img loading=\"lazy\" decoding=\"async\" src=\"\/wp-content\/uploads\/2022\/01\/insert-7.jpg\" alt=\"Child peering through abacus\" class=\"wp-image-795\" width=\"600\" height=\"400\" srcset=\"https:\/\/elcbigbend.org\/wp-content\/uploads\/2022\/01\/insert-7.jpg 600w, https:\/\/elcbigbend.org\/wp-content\/uploads\/2022\/01\/insert-7-300x200.jpg 300w, https:\/\/elcbigbend.org\/wp-content\/uploads\/2022\/01\/insert-7-18x12.jpg 18w\" sizes=\"auto, (max-width: 600px) 100vw, 600px\" \/><\/figure>\n<\/div>\n\n\n\n<div class=\"wp-block-column is-layout-flow wp-block-column-is-layout-flow\">\n<p>VPK is a free, voluntary program that caregivers of 4-year-old children can choose to participate in through either a school year program for a total of 540 instructional hours or a summer program for a total of 300 instructional hours.<\/p>\n\n\n\n<p>Families can also choose to enroll their child in either a public school or a preschool program offered by a private provider.<\/p>\n\n\n\n<p>La Coalici\u00f3n de Aprendizaje Temprano de la Regi\u00f3n de Big Bend (ELC) es la entidad local responsable de la implementaci\u00f3n y administraci\u00f3n del programa VPK en los condados de Gadsden, Jefferson, Leon, Liberty, Madison, Taylor y Wakulla.<\/p>\n\n\n\n<p>El ELC inscribe a ni\u00f1os y proveedores y facilita los pagos a los proveedores de VPK. El ELC tambi\u00e9n brinda informaci\u00f3n actualizada sobre el programa VPK, distribuye las pol\u00edticas actuales de VPK, ofrece orientaci\u00f3n e instrucci\u00f3n del programa, presenta oportunidades de capacitaci\u00f3n y supervisa el cumplimiento de las pol\u00edticas y normas de VPK.<\/p>\n\n\n\n<p>Para obtener m\u00e1s informaci\u00f3n sobre el programa VPK, <a href=\"http:\/\/www.floridaearlylearning.com\/vpk\">visit the Division of Early Learning&#8217;s website<\/a>.<\/p>\n\n\n\n<ul class=\"wp-block-list\"><li><a href=\"\/wp-content\/uploads\/2021\/10\/FreeVPKFlyer3.pdf\">Folleto informativo de VPK<\/a> (to print for families)<\/li><\/ul>\n<\/div>\n<\/div>\n\n\n\n<h4 class=\"wp-block-heading\"><strong>VPK Online Registration (For Caregivers)<\/strong><\/h4>\n\n\n\n<p>On March 8, 2014, the ELC launched the VPK Online Registration process. Providers are encouraged to have their families register using this new system. If families do not have access to computers and scanners, please inform them that all of the ELC&#8217;s offices are equipped with these resources. For ELC locations and hours, <a href=\"\/es\/contact\/locations-and-hours\/\" data-type=\"page\" data-id=\"230\">haga clic aqu\u00ed<\/a>. \u00bfNecesitas ayuda? Ll\u00e1menos al 1-866-973-9030 o env\u00ede un correo electr\u00f3nico <a href=\"mailto:vpk@elcbigbend.org\">vpk@elcbigbend.org<\/a>.<\/p>\n\n\n\n<ul class=\"wp-block-list\"><li><a href=\"\/wp-content\/uploads\/2021\/10\/AVK.pdf\">Folleto de registro en l\u00ednea de VPK<\/a> <\/li><\/ul>","protected":false},"excerpt":{"rendered":"<p>VPK is a free, voluntary program that caregivers of 4-year-old children can choose to participate in through either a school year program for a total of 540 instructional hours or <\/p>\n<p><a class=\"btn btn-secondary understrap-read-more-link\" href=\"https:\/\/elcbigbend.org\/es\/providers\/programs\/vpk\/\">Leer m\u00e1s&#8230;<\/a><\/p>","protected":false},"author":2,"featured_media":752,"parent":103,"menu_order":0,"comment_status":"closed","ping_status":"closed","template":"page-templates\/page-full.php","meta":{"om_disable_all_campaigns":false,"inline_featured_image":false,"_monsterinsights_skip_tracking":false,"_monsterinsights_sitenote_active":false,"_monsterinsights_sitenote_note":"","_monsterinsights_sitenote_category":0,"_uf_show_specific_survey":0,"_uf_disable_surveys":false,"footnotes":""},"categories":[],"class_list":["post-442","page","type-page","status-publish","has-post-thumbnail","hentry"],"acf":[],"aioseo_notices":[],"_links":{"self":[{"href":"https:\/\/elcbigbend.org\/es\/wp-json\/wp\/v2\/pages\/442","targetHints":{"allow":["GET"]}}],"collection":[{"href":"https:\/\/elcbigbend.org\/es\/wp-json\/wp\/v2\/pages"}],"about":[{"href":"https:\/\/elcbigbend.org\/es\/wp-json\/wp\/v2\/types\/page"}],"author":[{"embeddable":true,"href":"https:\/\/elcbigbend.org\/es\/wp-json\/wp\/v2\/users\/2"}],"replies":[{"embeddable":true,"href":"https:\/\/elcbigbend.org\/es\/wp-json\/wp\/v2\/comments?post=442"}],"version-history":[{"count":3,"href":"https:\/\/elcbigbend.org\/es\/wp-json\/wp\/v2\/pages\/442\/revisions"}],"predecessor-version":[{"id":1566,"href":"https:\/\/elcbigbend.org\/es\/wp-json\/wp\/v2\/pages\/442\/revisions\/1566"}],"up":[{"embeddable":true,"href":"https:\/\/elcbigbend.org\/es\/wp-json\/wp\/v2\/pages\/103"}],"wp:featuredmedia":[{"embeddable":true,"href":"https:\/\/elcbigbend.org\/es\/wp-json\/wp\/v2\/media\/752"}],"wp:attachment":[{"href":"https:\/\/elcbigbend.org\/es\/wp-json\/wp\/v2\/media?parent=442"}],"wp:term":[{"taxonomy":"category","embeddable":true,"href":"https:\/\/elcbigbend.org\/es\/wp-json\/wp\/v2\/categories?post=442"}],"curies":[{"name":"wp","href":"https:\/\/api.w.org\/{rel}","templated":true}]}}