{"id":439,"date":"2021-10-14T19:33:03","date_gmt":"2021-10-14T19:33:03","guid":{"rendered":"https:\/\/elc.local\/?page_id=439"},"modified":"2023-05-18T11:42:32","modified_gmt":"2023-05-18T15:42:32","slug":"school-readiness","status":"publish","type":"page","link":"https:\/\/elcbigbend.org\/es\/providers\/programs\/school-readiness\/","title":{"rendered":"Preparaci\u00f3n para la escuela"},"content":{"rendered":"<h4 class=\"wp-block-heading\"><strong>\u00bfQu\u00e9 es el Programa de Preparaci\u00f3n Escolar?<\/strong><\/h4>\n\n\n\n<p>The School Readiness program is a state and federally funded child care tuition assistance program that prepares children to become ready for school assists families in becoming financially self-sufficient and provides families with information about child development and other topics of interest. Child care providers may choose to contract with the ELC to become a part of the Provider Network and participate in the School Readiness program.<\/p>\n\n\n\n<p>Cada a\u00f1o, la membres\u00eda de la red de proveedores de ELC incluye m\u00e1s de 300 programas de cuidado infantil en toda la regi\u00f3n de Big Bend. Los proveedores incluyen hogares de cuidado infantil familiar, centros de cuidado infantil privados, programas basados en la fe y programas de escuelas p\u00fablicas. Los nuevos proveedores pueden contratar con ELC si se cumplen todos los requisitos de participaci\u00f3n.<\/p>\n\n\n\n<p>Si actualmente no es un proveedor de cuidado infantil, comun\u00edquese con el&nbsp;<a rel=\"noreferrer noopener\" href=\"http:\/\/www.dcf.state.fl.us\/programs\/childcare\/\" target=\"_blank\">Departamento de Ni\u00f1os y Familias<\/a><a>&nbsp;<\/a>para determinar qu\u00e9 pasos son necesarios para convertirse en un proveedor de cuidado infantil.<\/p>\n\n\n\n<p>Cualquiera que busque abrir un programa de cuidado infantil debe <a href=\"http:\/\/occf.fl-dcf.org\/\" data-type=\"URL\" data-id=\"http:\/\/occf.fl-dcf.org\/\" target=\"_blank\" rel=\"noreferrer noopener\">haga clic aqu\u00ed<\/a> y vea la Informaci\u00f3n importante sobre la apertura de un centro de cuidado infantil.<\/p>\n\n\n\n<div class=\"wp-block-columns alignfull is-layout-flex wp-container-core-columns-is-layout-9d6595d7 wp-block-columns-is-layout-flex\">\n<div class=\"wp-block-column panel-only-color is-layout-flow wp-block-column-is-layout-flow\">\n<div class=\"wp-block-columns is-layout-flex wp-container-core-columns-is-layout-9d6595d7 wp-block-columns-is-layout-flex\">\n<div class=\"wp-block-column is-layout-flow wp-block-column-is-layout-flow\">\n<figure class=\"wp-block-image size-full\"><img loading=\"lazy\" decoding=\"async\" width=\"600\" height=\"400\" src=\"\/wp-content\/uploads\/2022\/01\/insert-6.jpg\" alt=\"Child at a school desk\" class=\"wp-image-790\" srcset=\"https:\/\/elcbigbend.org\/wp-content\/uploads\/2022\/01\/insert-6.jpg 600w, https:\/\/elcbigbend.org\/wp-content\/uploads\/2022\/01\/insert-6-300x200.jpg 300w, https:\/\/elcbigbend.org\/wp-content\/uploads\/2022\/01\/insert-6-18x12.jpg 18w\" sizes=\"auto, (max-width: 600px) 100vw, 600px\" \/><\/figure>\n<\/div>\n\n\n\n<div class=\"wp-block-column is-layout-flow wp-block-column-is-layout-flow\">\n<h4 class=\"wp-block-heading\">\u00bfC\u00f3mo se vuelven elegibles los proveedores para participar en el Programa de Preparaci\u00f3n Escolar?<\/h4>\n\n\n\n<p>Si actualmente es un proveedor de cuidado infantil y tiene licencia o est\u00e1 registrado a trav\u00e9s del Departamento de Ni\u00f1os y Familias, es elegible para formar parte de nuestra Red de proveedores de preparaci\u00f3n escolar. Los proveedores informales, exentos de licencia o religiosos, las escuelas privadas y las escuelas p\u00fablicas tambi\u00e9n pueden ser elegibles para convertirse en proveedores de preparaci\u00f3n escolar contratados.<\/p>\n\n\n\n<p>For more information or to begin the contracting process, please contact Provider Relations at <a href=\"mailto:providerrelations@elcbigbend.org\">providerrelations@elcbigbend.org<\/a> o (850) 552-7337.<\/p>\n\n\n\n<p>For more information about the School Readiness program, visit the <a href=\"http:\/\/www.floridaearlylearning.com\/about-us\/office-of-early-learning-overview\">Division of Early Learning&#8217;s <\/a>website.<\/p>\n<\/div>\n<\/div>\n<\/div>\n<\/div>\n\n\n\n<h4 class=\"wp-block-heading\">Pago por Servicios<\/h4>\n\n\n\n<p>Una vez que los proveedores completan el proceso de contrato de proveedor de preparaci\u00f3n escolar, se les reconoce como proveedores de la red de preparaci\u00f3n escolar (SR) de la Coalici\u00f3n de aprendizaje temprano. Al recibir una solicitud de inscripci\u00f3n en un proveedor de SR reconocido, los ni\u00f1os se agregar\u00e1n a la lista de asistencia mensual que luego se utiliza para registrar la asistencia durante todo el mes. Las listas actualizadas se proporcionan en el&nbsp;<a href=\"https:\/\/providers.elcbigbend.org\/\" target=\"_blank\" rel=\"noreferrer noopener\">Portal de proveedores<\/a>&nbsp;a las 8:00 a. m. el primer d\u00eda h\u00e1bil del mes.&nbsp;<\/p>\n\n\n\n<p>Providers must submit their completed rosters monthly in order to be reimbursed for care during that month. Reimbursement is based on reported attendance of eligible children, parent fees assessed and the established reimbursement rate. All provider attendance reporting is completed by providers in the ELC&#8217;s Provider Portal. Information submitted on the attendance rosters is then internally processed for payment verification and an invoice is submitted to the Division of Early Learning (DEL).&nbsp;<\/p>\n\n\n\n<p>Upon receipt of funds from DEL, Coalition staff initiates electronic funds transfer (EFT) payment for each provider\u2019s individual bank accounts. The ELC then posts the transfer date on the home page of the ELC Provider Portal. Once payments are transferred, ELC staff upload a copy of the EFT, Final Provider Reimbursement Report and any other pertinent documentation to the provider&#8217;s Reimbursement Payment Detail folder in the Provider Portal.&nbsp;<\/p>\n\n\n\n<p>Si tiene preguntas o necesita ayuda con el proceso de reembolso, comun\u00edquese con su administrador de casos de reembolso.&nbsp;<a><\/a><\/p>","protected":false},"excerpt":{"rendered":"<p>What is the School Readiness Program? The School Readiness program is a state and federally funded child care tuition assistance program that prepares children to become ready for school assists <\/p>\n<p><a class=\"btn btn-secondary understrap-read-more-link\" href=\"https:\/\/elcbigbend.org\/es\/providers\/programs\/school-readiness\/\">Leer m\u00e1s&#8230;<\/a><\/p>","protected":false},"author":2,"featured_media":745,"parent":103,"menu_order":0,"comment_status":"closed","ping_status":"closed","template":"page-templates\/page-full.php","meta":{"om_disable_all_campaigns":false,"inline_featured_image":false,"_monsterinsights_skip_tracking":false,"_monsterinsights_sitenote_active":false,"_monsterinsights_sitenote_note":"","_monsterinsights_sitenote_category":0,"_uf_show_specific_survey":0,"_uf_disable_surveys":false,"footnotes":""},"categories":[13],"class_list":["post-439","page","type-page","status-publish","has-post-thumbnail","hentry","category-providers"],"acf":[],"aioseo_notices":[],"_links":{"self":[{"href":"https:\/\/elcbigbend.org\/es\/wp-json\/wp\/v2\/pages\/439","targetHints":{"allow":["GET"]}}],"collection":[{"href":"https:\/\/elcbigbend.org\/es\/wp-json\/wp\/v2\/pages"}],"about":[{"href":"https:\/\/elcbigbend.org\/es\/wp-json\/wp\/v2\/types\/page"}],"author":[{"embeddable":true,"href":"https:\/\/elcbigbend.org\/es\/wp-json\/wp\/v2\/users\/2"}],"replies":[{"embeddable":true,"href":"https:\/\/elcbigbend.org\/es\/wp-json\/wp\/v2\/comments?post=439"}],"version-history":[{"count":5,"href":"https:\/\/elcbigbend.org\/es\/wp-json\/wp\/v2\/pages\/439\/revisions"}],"predecessor-version":[{"id":2170,"href":"https:\/\/elcbigbend.org\/es\/wp-json\/wp\/v2\/pages\/439\/revisions\/2170"}],"up":[{"embeddable":true,"href":"https:\/\/elcbigbend.org\/es\/wp-json\/wp\/v2\/pages\/103"}],"wp:featuredmedia":[{"embeddable":true,"href":"https:\/\/elcbigbend.org\/es\/wp-json\/wp\/v2\/media\/745"}],"wp:attachment":[{"href":"https:\/\/elcbigbend.org\/es\/wp-json\/wp\/v2\/media?parent=439"}],"wp:term":[{"taxonomy":"category","embeddable":true,"href":"https:\/\/elcbigbend.org\/es\/wp-json\/wp\/v2\/categories?post=439"}],"curies":[{"name":"wp","href":"https:\/\/api.w.org\/{rel}","templated":true}]}}