{"id":261,"date":"2021-10-05T20:08:19","date_gmt":"2021-10-05T20:08:19","guid":{"rendered":"http:\/\/elc.local\/?page_id=261"},"modified":"2025-09-08T15:54:41","modified_gmt":"2025-09-08T19:54:41","slug":"finance-committee","status":"publish","type":"page","link":"https:\/\/elcbigbend.org\/es\/governance\/finance-committee\/","title":{"rendered":"Comite de finanzas"},"content":{"rendered":"<div class=\"wp-block-columns is-layout-flex wp-container-core-columns-is-layout-9d6595d7 wp-block-columns-is-layout-flex\">\n<div class=\"wp-block-column is-layout-flow wp-block-column-is-layout-flow\" style=\"flex-basis:66.66%\">\n<h5 class=\"wp-block-heading\"><strong>Miembros del comit\u00e9<\/strong><\/h5>\n\n\n\n<ul class=\"wp-block-list\">\n<li>Paul Mitchell,&nbsp;<em>Silla<\/em><\/li>\n\n\n\n<li>Michael Davis<\/li>\n\n\n\n<li>Alyssa Beaubien<\/li>\n\n\n\n<li>David Colby Roberts<\/li>\n<\/ul>\n\n\n\n<h5 class=\"wp-block-heading\"><a><\/a><strong>El Comit\u00e9 de Finanzas es responsable de:<\/strong><\/h5>\n\n\n\n<ul class=\"wp-block-list\">\n<li>Revisar y enviar el presupuesto operativo de ELC para su aprobaci\u00f3n;<\/li>\n\n\n\n<li>Revisar y hacer recomendaciones sobre cuestiones y pol\u00edticas financieras seg\u00fan sea necesario;<\/li>\n\n\n\n<li>Supervisar la adquisici\u00f3n de servicios financieros contratados, incluidos los servicios bancarios; y<\/li>\n\n\n\n<li>Revisi\u00f3n de informes de seguimiento y cumplimiento fiscal.<\/li>\n<\/ul>\n\n\n\n<h5 class=\"wp-block-heading\"><a><\/a><strong>Minutos<\/strong><\/h5>\n\n\n\n<p>Se mantienen actas de todas las reuniones del Comit\u00e9 de Finanzas y est\u00e1n disponibles al p\u00fablico, previa solicitud.<\/p>\n<\/div>\n\n\n\n<div class=\"wp-block-column is-layout-flow wp-block-column-is-layout-flow\" style=\"flex-basis:33.33%\">\n<h5 class=\"wp-block-heading\">pr\u00f3ximas reuniones<\/h5>\n<\/div>\n<\/div>","protected":false},"excerpt":{"rendered":"<p>Committee Members The Finance Committee is responsible for: Minutes Minutes are kept for all Finance Committee meetings and are available to the public, upon request. Upcoming Meetings <\/p>\n<p><a class=\"btn btn-secondary understrap-read-more-link\" href=\"https:\/\/elcbigbend.org\/es\/governance\/finance-committee\/\">Leer m\u00e1s&#8230;<\/a><\/p>","protected":false},"author":2,"featured_media":0,"parent":10,"menu_order":0,"comment_status":"closed","ping_status":"closed","template":"page-templates\/page-full-width.php","meta":{"om_disable_all_campaigns":false,"inline_featured_image":false,"_monsterinsights_skip_tracking":false,"_monsterinsights_sitenote_active":false,"_monsterinsights_sitenote_note":"","_monsterinsights_sitenote_category":0,"_uf_show_specific_survey":0,"_uf_disable_surveys":false,"footnotes":""},"categories":[],"class_list":["post-261","page","type-page","status-publish","hentry"],"acf":[],"aioseo_notices":[],"_links":{"self":[{"href":"https:\/\/elcbigbend.org\/es\/wp-json\/wp\/v2\/pages\/261","targetHints":{"allow":["GET"]}}],"collection":[{"href":"https:\/\/elcbigbend.org\/es\/wp-json\/wp\/v2\/pages"}],"about":[{"href":"https:\/\/elcbigbend.org\/es\/wp-json\/wp\/v2\/types\/page"}],"author":[{"embeddable":true,"href":"https:\/\/elcbigbend.org\/es\/wp-json\/wp\/v2\/users\/2"}],"replies":[{"embeddable":true,"href":"https:\/\/elcbigbend.org\/es\/wp-json\/wp\/v2\/comments?post=261"}],"version-history":[{"count":10,"href":"https:\/\/elcbigbend.org\/es\/wp-json\/wp\/v2\/pages\/261\/revisions"}],"predecessor-version":[{"id":3983,"href":"https:\/\/elcbigbend.org\/es\/wp-json\/wp\/v2\/pages\/261\/revisions\/3983"}],"up":[{"embeddable":true,"href":"https:\/\/elcbigbend.org\/es\/wp-json\/wp\/v2\/pages\/10"}],"wp:attachment":[{"href":"https:\/\/elcbigbend.org\/es\/wp-json\/wp\/v2\/media?parent=261"}],"wp:term":[{"taxonomy":"category","embeddable":true,"href":"https:\/\/elcbigbend.org\/es\/wp-json\/wp\/v2\/categories?post=261"}],"curies":[{"name":"wp","href":"https:\/\/api.w.org\/{rel}","templated":true}]}}