{"id":258,"date":"2021-10-05T20:05:09","date_gmt":"2021-10-05T20:05:09","guid":{"rendered":"http:\/\/elc.local\/?page_id=258"},"modified":"2025-09-08T15:59:46","modified_gmt":"2025-09-08T19:59:46","slug":"executive-committee","status":"publish","type":"page","link":"https:\/\/elcbigbend.org\/es\/governance\/executive-committee\/","title":{"rendered":"Comit\u00e9 Ejecutivo"},"content":{"rendered":"<div class=\"wp-block-columns is-layout-flex wp-container-core-columns-is-layout-9d6595d7 wp-block-columns-is-layout-flex\">\n<div class=\"wp-block-column is-layout-flow wp-block-column-is-layout-flow\" style=\"flex-basis:66.66%\">\n<h5 class=\"wp-block-heading\"><strong>Miembros del comit\u00e9<\/strong><\/h5>\n\n\n\n<ul class=\"wp-block-list\">\n<li>Alyssa Beaubien,&nbsp;<em>Board Chair<\/em><\/li>\n\n\n\n<li>Millie Tizol<em>, Vicepresidente<\/em> <em>&amp; Audit Committee Chair<\/em><\/li>\n\n\n\n<li>Paul Mitchell, <em>Treasurer &amp; Finance Committee Chair<\/em><\/li>\n\n\n\n<li>Sarah Gosselin, <em>Program, Policy, and Strategy Committee Chair<\/em><\/li>\n\n\n\n<li>Darrel James, <em>Advocacy and Development Committee Chair<\/em><\/li>\n<\/ul>\n\n\n\n<h5 class=\"wp-block-heading\"><a><\/a><strong>El Comit\u00e9 Ejecutivo es responsable de:<\/strong><\/h5>\n\n\n\n<ul class=\"wp-block-list\">\n<li>Proporcionar liderazgo para la Junta;<\/li>\n\n\n\n<li>Tomar decisiones en nombre de la Junta entre reuniones;<\/li>\n\n\n\n<li>Funciones de recursos humanos para el director ejecutivo, incluidas las evaluaciones; y<\/li>\n\n\n\n<li>Recomendar cambios a los estatutos.<\/li>\n<\/ul>\n\n\n\n<h5 class=\"wp-block-heading\"><a><\/a><strong>Minutos<\/strong><\/h5>\n\n\n\n<p>Se mantienen actas de todas las reuniones del Comit\u00e9 Ejecutivo y est\u00e1n disponibles para el p\u00fablico, previa solicitud.<\/p>\n\n\n\n<p><\/p>\n<\/div>\n\n\n\n<div class=\"wp-block-column is-layout-flow wp-block-column-is-layout-flow\" style=\"flex-basis:33.33%\">\n<h5 class=\"wp-block-heading\">pr\u00f3ximas reuniones<\/h5>\n<\/div>\n<\/div>","protected":false},"excerpt":{"rendered":"<p>Committee Members The Executive Committee is responsible for: Minutes Minutes are kept for all Executive Committee meetings and are available to the public, upon request. Upcoming Meetings <\/p>\n<p><a class=\"btn btn-secondary understrap-read-more-link\" href=\"https:\/\/elcbigbend.org\/es\/governance\/executive-committee\/\">Leer m\u00e1s&#8230;<\/a><\/p>","protected":false},"author":2,"featured_media":0,"parent":10,"menu_order":0,"comment_status":"closed","ping_status":"closed","template":"page-templates\/page-full-width.php","meta":{"om_disable_all_campaigns":false,"inline_featured_image":false,"_monsterinsights_skip_tracking":false,"_monsterinsights_sitenote_active":false,"_monsterinsights_sitenote_note":"","_monsterinsights_sitenote_category":0,"_uf_show_specific_survey":0,"_uf_disable_surveys":false,"footnotes":""},"categories":[],"class_list":["post-258","page","type-page","status-publish","hentry"],"acf":[],"aioseo_notices":[],"_links":{"self":[{"href":"https:\/\/elcbigbend.org\/es\/wp-json\/wp\/v2\/pages\/258","targetHints":{"allow":["GET"]}}],"collection":[{"href":"https:\/\/elcbigbend.org\/es\/wp-json\/wp\/v2\/pages"}],"about":[{"href":"https:\/\/elcbigbend.org\/es\/wp-json\/wp\/v2\/types\/page"}],"author":[{"embeddable":true,"href":"https:\/\/elcbigbend.org\/es\/wp-json\/wp\/v2\/users\/2"}],"replies":[{"embeddable":true,"href":"https:\/\/elcbigbend.org\/es\/wp-json\/wp\/v2\/comments?post=258"}],"version-history":[{"count":9,"href":"https:\/\/elcbigbend.org\/es\/wp-json\/wp\/v2\/pages\/258\/revisions"}],"predecessor-version":[{"id":3982,"href":"https:\/\/elcbigbend.org\/es\/wp-json\/wp\/v2\/pages\/258\/revisions\/3982"}],"up":[{"embeddable":true,"href":"https:\/\/elcbigbend.org\/es\/wp-json\/wp\/v2\/pages\/10"}],"wp:attachment":[{"href":"https:\/\/elcbigbend.org\/es\/wp-json\/wp\/v2\/media?parent=258"}],"wp:term":[{"taxonomy":"category","embeddable":true,"href":"https:\/\/elcbigbend.org\/es\/wp-json\/wp\/v2\/categories?post=258"}],"curies":[{"name":"wp","href":"https:\/\/api.w.org\/{rel}","templated":true}]}}