{"id":217,"date":"2021-10-05T19:18:05","date_gmt":"2021-10-05T19:18:05","guid":{"rendered":"http:\/\/elc.local\/?page_id=217"},"modified":"2023-03-29T23:07:49","modified_gmt":"2023-03-30T03:07:49","slug":"donate","status":"publish","type":"page","link":"https:\/\/elcbigbend.org\/es\/get-involved\/donate\/","title":{"rendered":"Donar"},"content":{"rendered":"<p><\/p>\n\n\n\n<p>One of the simplest ways to help is by making a financial contribution. Large or small, every dollar donated supports children and their families across our seven-county service area. <\/p>\n\n\n\n<div class=\"wp-block-buttons is-horizontal is-content-justification-center is-layout-flex wp-container-core-buttons-is-layout-499968f5 wp-block-buttons-is-layout-flex\">\n<div class=\"wp-block-button has-custom-width wp-block-button__width-50 has-custom-font-size has-medium-font-size\"><a class=\"wp-block-button__link wp-element-button\" href=\"https:\/\/www.paypal.com\/paypalme\/elcbigbend\" target=\"_blank\" rel=\"noreferrer noopener\">DONATE via PayPal<\/a><\/div>\n\n\n\n<div class=\"wp-block-button has-custom-width wp-block-button__width-50 has-custom-font-size has-medium-font-size\"><a class=\"wp-block-button__link wp-element-button\" href=\"https:\/\/account.venmo.com\/u\/ELCBigBend\" target=\"_blank\" rel=\"noreferrer noopener\">DONATE via Venmo<\/a><\/div>\n<\/div>\n\n\n\n<p>Por favor sepa que su asociaci\u00f3n y contribuciones han sido extremadamente beneficiosas para nuestro programa de alfabetizaci\u00f3n y para nuestros ni\u00f1os peque\u00f1os. Mientras tanto, continuaremos asoci\u00e1ndonos con usted para lograr cambios en las vidas de nuestras familias y ni\u00f1os. De nuestro coraz\u00f3n al suyo, gracias por todo lo que ha hecho y sigue haciendo con nuestra organizaci\u00f3n.<\/p>\n\n\n\n<p>Si tiene preguntas, comun\u00edquese con el (850) 552-7325 o <a href=\"mailto:outreach@elcbigbend.org\">outreach@elcbigbend.org<\/a>.<\/p>","protected":false},"excerpt":{"rendered":"<p>One of the simplest ways to help is by making a financial contribution. Large or small, every dollar donated supports children and their families across our seven-county service area. Please <\/p>\n<p><a class=\"btn btn-secondary understrap-read-more-link\" href=\"https:\/\/elcbigbend.org\/es\/get-involved\/donate\/\">Leer m\u00e1s&#8230;<\/a><\/p>","protected":false},"author":2,"featured_media":732,"parent":213,"menu_order":0,"comment_status":"closed","ping_status":"closed","template":"page-templates\/page-full.php","meta":{"om_disable_all_campaigns":false,"inline_featured_image":false,"_monsterinsights_skip_tracking":false,"_monsterinsights_sitenote_active":false,"_monsterinsights_sitenote_note":"","_monsterinsights_sitenote_category":0,"_uf_show_specific_survey":0,"_uf_disable_surveys":false,"footnotes":""},"categories":[],"class_list":["post-217","page","type-page","status-publish","has-post-thumbnail","hentry"],"acf":[],"aioseo_notices":[],"_links":{"self":[{"href":"https:\/\/elcbigbend.org\/es\/wp-json\/wp\/v2\/pages\/217","targetHints":{"allow":["GET"]}}],"collection":[{"href":"https:\/\/elcbigbend.org\/es\/wp-json\/wp\/v2\/pages"}],"about":[{"href":"https:\/\/elcbigbend.org\/es\/wp-json\/wp\/v2\/types\/page"}],"author":[{"embeddable":true,"href":"https:\/\/elcbigbend.org\/es\/wp-json\/wp\/v2\/users\/2"}],"replies":[{"embeddable":true,"href":"https:\/\/elcbigbend.org\/es\/wp-json\/wp\/v2\/comments?post=217"}],"version-history":[{"count":8,"href":"https:\/\/elcbigbend.org\/es\/wp-json\/wp\/v2\/pages\/217\/revisions"}],"predecessor-version":[{"id":3661,"href":"https:\/\/elcbigbend.org\/es\/wp-json\/wp\/v2\/pages\/217\/revisions\/3661"}],"up":[{"embeddable":true,"href":"https:\/\/elcbigbend.org\/es\/wp-json\/wp\/v2\/pages\/213"}],"wp:featuredmedia":[{"embeddable":true,"href":"https:\/\/elcbigbend.org\/es\/wp-json\/wp\/v2\/media\/732"}],"wp:attachment":[{"href":"https:\/\/elcbigbend.org\/es\/wp-json\/wp\/v2\/media?parent=217"}],"wp:term":[{"taxonomy":"category","embeddable":true,"href":"https:\/\/elcbigbend.org\/es\/wp-json\/wp\/v2\/categories?post=217"}],"curies":[{"name":"wp","href":"https:\/\/api.w.org\/{rel}","templated":true}]}}