{"id":215,"date":"2021-10-05T19:15:18","date_gmt":"2021-10-05T19:15:18","guid":{"rendered":"http:\/\/elc.local\/?page_id=215"},"modified":"2025-09-12T16:09:34","modified_gmt":"2025-09-12T20:09:34","slug":"volunteer","status":"publish","type":"page","link":"https:\/\/elcbigbend.org\/es\/get-involved\/volunteer\/","title":{"rendered":"Voluntario"},"content":{"rendered":"<p>Los voluntarios son uno de los recursos comunitarios m\u00e1s valiosos de ELC. Si desea apoyar a los ni\u00f1os, las familias y los proveedores de cuidado infantil en la regi\u00f3n de Big Bend, ELC es la combinaci\u00f3n perfecta para usted. Con una variedad de oportunidades de voluntariado disponibles, el ELC seguramente tendr\u00e1 la oportunidad adecuada que se adapte a su horario.<\/p>\n\n\n\n<p>Contactanos en <a href=\"mailto:outreach@elcbigbend.org\">outreach@elcbigbend.org<\/a> para obtener m\u00e1s informaci\u00f3n sobre c\u00f3mo puede convertirse en voluntario.<\/p>\n\n\n\n<h2 class=\"wp-block-heading\">Upcoming Volunteer Opportunities<\/h2>\n\n\n\n<div class=\"wp-block-buttons is-layout-flex wp-block-buttons-is-layout-flex\"><\/div>\n\n\n\n<figure class=\"wp-block-table is-style-stripes has-medium-font-size\"><table><tbody><tr><td>Color Me Blue: A Kid&#8217;s Art Auction<\/td><td>Thursday, January 29, 2026<\/td><td>Tallahassee, Florida<\/td><\/tr><tr><td>Children&#8217;s Week<\/td><td>February 22 &#8211; 27, 2026<\/td><td>Tallahassee, Florida<\/td><\/tr><tr><td>ELC Early Learning Conference<\/td><td>Saturday, April 11, 2026<\/td><td>Tallahassee, Florida<\/td><\/tr><\/tbody><\/table><\/figure>","protected":false},"excerpt":{"rendered":"<p>Volunteers are one of the ELC&#8217;s most precious community resources. If you want to support children, families, and child care providers in the Big Bend Region, the ELC is the <\/p>\n<p><a class=\"btn btn-secondary understrap-read-more-link\" href=\"https:\/\/elcbigbend.org\/es\/get-involved\/volunteer\/\">Leer m\u00e1s&#8230;<\/a><\/p>","protected":false},"author":2,"featured_media":758,"parent":213,"menu_order":0,"comment_status":"closed","ping_status":"closed","template":"page-templates\/page-full-width.php","meta":{"om_disable_all_campaigns":false,"inline_featured_image":false,"_monsterinsights_skip_tracking":false,"_monsterinsights_sitenote_active":false,"_monsterinsights_sitenote_note":"","_monsterinsights_sitenote_category":0,"_uf_show_specific_survey":0,"_uf_disable_surveys":false,"footnotes":""},"categories":[],"class_list":["post-215","page","type-page","status-publish","has-post-thumbnail","hentry"],"acf":[],"aioseo_notices":[],"_links":{"self":[{"href":"https:\/\/elcbigbend.org\/es\/wp-json\/wp\/v2\/pages\/215","targetHints":{"allow":["GET"]}}],"collection":[{"href":"https:\/\/elcbigbend.org\/es\/wp-json\/wp\/v2\/pages"}],"about":[{"href":"https:\/\/elcbigbend.org\/es\/wp-json\/wp\/v2\/types\/page"}],"author":[{"embeddable":true,"href":"https:\/\/elcbigbend.org\/es\/wp-json\/wp\/v2\/users\/2"}],"replies":[{"embeddable":true,"href":"https:\/\/elcbigbend.org\/es\/wp-json\/wp\/v2\/comments?post=215"}],"version-history":[{"count":12,"href":"https:\/\/elcbigbend.org\/es\/wp-json\/wp\/v2\/pages\/215\/revisions"}],"predecessor-version":[{"id":4026,"href":"https:\/\/elcbigbend.org\/es\/wp-json\/wp\/v2\/pages\/215\/revisions\/4026"}],"up":[{"embeddable":true,"href":"https:\/\/elcbigbend.org\/es\/wp-json\/wp\/v2\/pages\/213"}],"wp:featuredmedia":[{"embeddable":true,"href":"https:\/\/elcbigbend.org\/es\/wp-json\/wp\/v2\/media\/758"}],"wp:attachment":[{"href":"https:\/\/elcbigbend.org\/es\/wp-json\/wp\/v2\/media?parent=215"}],"wp:term":[{"taxonomy":"category","embeddable":true,"href":"https:\/\/elcbigbend.org\/es\/wp-json\/wp\/v2\/categories?post=215"}],"curies":[{"name":"wp","href":"https:\/\/api.w.org\/{rel}","templated":true}]}}