{"id":211,"date":"2021-10-05T19:10:38","date_gmt":"2021-10-05T19:10:38","guid":{"rendered":"http:\/\/elc.local\/?page_id=211"},"modified":"2022-09-14T23:22:02","modified_gmt":"2022-09-15T03:22:02","slug":"my-first-books","status":"publish","type":"page","link":"https:\/\/elcbigbend.org\/es\/community\/my-first-books\/","title":{"rendered":"Mis primeros libros"},"content":{"rendered":"<div class=\"wp-block-image\">\n<figure class=\"aligncenter size-full is-resized\"><img loading=\"lazy\" decoding=\"async\" src=\"\/wp-content\/uploads\/2021\/10\/elc_mfb_rgb.png\" alt=\"\" class=\"wp-image-321\" width=\"241\" height=\"172\"\/><\/figure>\n<\/div>\n\n\n<p>A trav\u00e9s del programa Mis Primeros Libros, se entrega un libro infantil de calidad a cada familia que visita uno de los siete Centros de Servicio Familiar de ELC. Las &quot;Bibliotecas para Donar&quot; de Word Gardens est\u00e1n ubicadas en cada Centro de Servicios Familiares y los libros se exhiben para que los ni\u00f1os puedan elegir uno de su inter\u00e9s.<\/p>\n\n\n\n<p>ELC staff members help families identify various ways they can support their children\u2019s literacy development. Surrounding children in positive language by reading books, singing songs, and asking questions can have a positive impact on a child&#8217;s literacy and language development. Families are encouraged to take advantage of &#8220;teachable&#8221; moments to extend their child&#8217;s language and vocabulary. During a trip to the grocery store or on a casual walk, families can use language to teach children about the world around them.<\/p>\n\n\n\n<p>Para obtener m\u00e1s informaci\u00f3n sobre la donaci\u00f3n de libros nuevos o la donaci\u00f3n de fondos para comprar libros nuevos, cont\u00e1ctenos al (850) 552-7325 o env\u00ede un correo electr\u00f3nico <a href=\"mailto:outreach@elcbigbend.org\">outreach@elcbigbend.org<\/a>.<\/p>\n\n\n\n<div class=\"wp-block-buttons is-horizontal is-content-justification-center is-layout-flex wp-container-core-buttons-is-layout-499968f5 wp-block-buttons-is-layout-flex\">\n<div class=\"wp-block-button\"><a class=\"wp-block-button__link\" href=\"\/es\/get-involved\/donate\/#mfb\">Donar a Mis Primeros Libros<\/a><\/div>\n<\/div>","protected":false},"excerpt":{"rendered":"<p>Through the My First Books program, a quality children\u2019s book is given to each family who visits one of the seven ELC Family Service Centers. Word Gardens &#8220;Giving Libraries&#8221; are <\/p>\n<p><a class=\"btn btn-secondary understrap-read-more-link\" href=\"https:\/\/elcbigbend.org\/es\/community\/my-first-books\/\">Leer m\u00e1s&#8230;<\/a><\/p>","protected":false},"author":2,"featured_media":755,"parent":22,"menu_order":0,"comment_status":"closed","ping_status":"closed","template":"page-templates\/page-full.php","meta":{"om_disable_all_campaigns":false,"inline_featured_image":false,"_monsterinsights_skip_tracking":false,"_monsterinsights_sitenote_active":false,"_monsterinsights_sitenote_note":"","_monsterinsights_sitenote_category":0,"_uf_show_specific_survey":0,"_uf_disable_surveys":false,"footnotes":""},"categories":[],"class_list":["post-211","page","type-page","status-publish","has-post-thumbnail","hentry"],"acf":[],"aioseo_notices":[],"_links":{"self":[{"href":"https:\/\/elcbigbend.org\/es\/wp-json\/wp\/v2\/pages\/211","targetHints":{"allow":["GET"]}}],"collection":[{"href":"https:\/\/elcbigbend.org\/es\/wp-json\/wp\/v2\/pages"}],"about":[{"href":"https:\/\/elcbigbend.org\/es\/wp-json\/wp\/v2\/types\/page"}],"author":[{"embeddable":true,"href":"https:\/\/elcbigbend.org\/es\/wp-json\/wp\/v2\/users\/2"}],"replies":[{"embeddable":true,"href":"https:\/\/elcbigbend.org\/es\/wp-json\/wp\/v2\/comments?post=211"}],"version-history":[{"count":2,"href":"https:\/\/elcbigbend.org\/es\/wp-json\/wp\/v2\/pages\/211\/revisions"}],"predecessor-version":[{"id":1551,"href":"https:\/\/elcbigbend.org\/es\/wp-json\/wp\/v2\/pages\/211\/revisions\/1551"}],"up":[{"embeddable":true,"href":"https:\/\/elcbigbend.org\/es\/wp-json\/wp\/v2\/pages\/22"}],"wp:featuredmedia":[{"embeddable":true,"href":"https:\/\/elcbigbend.org\/es\/wp-json\/wp\/v2\/media\/755"}],"wp:attachment":[{"href":"https:\/\/elcbigbend.org\/es\/wp-json\/wp\/v2\/media?parent=211"}],"wp:term":[{"taxonomy":"category","embeddable":true,"href":"https:\/\/elcbigbend.org\/es\/wp-json\/wp\/v2\/categories?post=211"}],"curies":[{"name":"wp","href":"https:\/\/api.w.org\/{rel}","templated":true}]}}